{"id":10579,"date":"2025-08-20T23:07:08","date_gmt":"2025-08-21T02:07:08","guid":{"rendered":"https:\/\/ies5tello-juj.infd.edu.ar\/sitio\/?page_id=10579"},"modified":"2025-08-20T23:07:09","modified_gmt":"2025-08-21T02:07:09","slug":"becas-progresar-3","status":"publish","type":"page","link":"https:\/\/ies5tello-juj.infd.edu.ar\/sitio\/becas-progresar-3\/","title":{"rendered":"BECAS PROGRESAR"},"content":{"rendered":"\n<p>HORARIOS DE ATENCI\u00d3N DEL SECTOR DE BECAS<\/p>\n\n\n\n<p>&#x2705; Mi\u00e9rcoles 20\/08 de 17:00 a 21:30<br>&#x2705; Jueves 21\/08 de 13:30 a 18:00<br>&#x2705; Viernes 22\/08 de 08:00 a 12:30<\/p>\n\n\n\n<p>Desde el 18 de agosto al 5 de septiembre se dar\u00e1 comienzo de la Segunda Convocatoria 2025 de nivel superior. Informaci\u00f3n importante para estudiantes: se cre\u00f3 un acceso donde hay instructivos y documentos relevantes del programa.<\/p>\n\n\n\n<p>Enlace: https:\/\/www.argentina.gob.ar\/educacion\/progresar\/documentos-utiles<\/p>\n\n\n\n<p>Con el prop\u00f3sito de preparar lo necesario con anticipaci\u00f3n y as\u00ed facilitar el proceso de inscripci\u00f3n, les recordamos que, quienes quieran solicitar la beca, deber\u00e1n contar con:<br>Un usuario propio en Mi Argentina.<br>M\u00e1s informaci\u00f3n y los pasos a seguir para crearlo en argentina.gob.ar\/miargentina<br>Un CBU o CVU a su nombre.<br>Sus datos actualizados en Anses.<br>Los datos personales, los del grupo familiar y el domicilio son tenidos<br>en cuenta para la evaluaci\u00f3n de los requisitos y la ejecuci\u00f3n del<br>pago. En caso de necesitar rectificarlos, deber\u00e1n acercarse a una<br>oficina del organismo. Esta informaci\u00f3n puede consultarse en<br>anses.gob.ar\/mi-anses<\/p>\n\n\n\n<p>Si los estudiantes tienen dudas al momento de inscribirse puede comunicarse a mesa de ayuda a trav\u00e9s de estos canales:<br>correo: mesadeayudaprogresar@educacion.gob.ar<br>tel\u00e9fono: 08009991066 o al (011)41291000 opcion1<\/p>\n","protected":false},"excerpt":{"rendered":"<p>HORARIOS DE ATENCI\u00d3N DEL SECTOR DE BECAS &#x2705; Mi\u00e9rcoles 20\/08 de 17:00 a 21:30&#x2705; Jueves 21\/08 de 13:30 a 18:00&#x2705; Viernes 22\/08 de 08:00 a 12:30 Desde el 18 de agosto al 5 de septiembre se dar\u00e1 comienzo de la Segunda Convocatoria 2025 de nivel superior. Informaci\u00f3n importante para estudiantes: se cre\u00f3 un acceso donde &#8230; <a title=\"BECAS PROGRESAR\" class=\"read-more\" href=\"https:\/\/ies5tello-juj.infd.edu.ar\/sitio\/becas-progresar-3\/\" aria-label=\"More on BECAS PROGRESAR\">[+]<\/a><\/p>\n","protected":false},"author":113,"featured_media":0,"parent":0,"menu_order":0,"comment_status":"closed","ping_status":"closed","template":"","meta":[],"acf":[],"_links":{"self":[{"href":"https:\/\/ies5tello-juj.infd.edu.ar\/sitio\/wp-json\/wp\/v2\/pages\/10579"}],"collection":[{"href":"https:\/\/ies5tello-juj.infd.edu.ar\/sitio\/wp-json\/wp\/v2\/pages"}],"about":[{"href":"https:\/\/ies5tello-juj.infd.edu.ar\/sitio\/wp-json\/wp\/v2\/types\/page"}],"author":[{"embeddable":true,"href":"https:\/\/ies5tello-juj.infd.edu.ar\/sitio\/wp-json\/wp\/v2\/users\/113"}],"replies":[{"embeddable":true,"href":"https:\/\/ies5tello-juj.infd.edu.ar\/sitio\/wp-json\/wp\/v2\/comments?post=10579"}],"version-history":[{"count":1,"href":"https:\/\/ies5tello-juj.infd.edu.ar\/sitio\/wp-json\/wp\/v2\/pages\/10579\/revisions"}],"predecessor-version":[{"id":10580,"href":"https:\/\/ies5tello-juj.infd.edu.ar\/sitio\/wp-json\/wp\/v2\/pages\/10579\/revisions\/10580"}],"wp:attachment":[{"href":"https:\/\/ies5tello-juj.infd.edu.ar\/sitio\/wp-json\/wp\/v2\/media?parent=10579"}],"curies":[{"name":"wp","href":"https:\/\/api.w.org\/{rel}","templated":true}]}}