{"id":11096,"date":"2026-04-26T21:38:35","date_gmt":"2026-04-27T00:38:35","guid":{"rendered":"https:\/\/ies5tello-juj.infd.edu.ar\/sitio\/?page_id=11096"},"modified":"2026-04-27T07:28:07","modified_gmt":"2026-04-27T10:28:07","slug":"examen-mayo-2026","status":"publish","type":"page","link":"https:\/\/ies5tello-juj.infd.edu.ar\/sitio\/examen-mayo-2026\/","title":{"rendered":"Ex\u00e1menes Mayo 2026"},"content":{"rendered":"\n<div class=\"wp-block-file\"><object class=\"wp-block-file__embed\" data=\"https:\/\/ies5tello-juj.infd.edu.ar\/sitio\/wp-content\/uploads\/2026\/04\/Cartel_ExamenMay2026.pdf\" type=\"application\/pdf\" style=\"width:100%;height:600px\" aria-label=\"Incrustado de Cartel_ExamenMay2026.\"><\/object><a id=\"wp-block-file--media-8b84db34-75cb-42cf-ab99-8e2f31d16dfb\" href=\"https:\/\/ies5tello-juj.infd.edu.ar\/sitio\/wp-content\/uploads\/2026\/04\/Cartel_ExamenMay2026.pdf\">Cartel_ExamenMay2026<\/a><a href=\"https:\/\/ies5tello-juj.infd.edu.ar\/sitio\/wp-content\/uploads\/2026\/04\/Cartel_ExamenMay2026.pdf\" class=\"wp-block-file__button wp-element-button\" download aria-describedby=\"wp-block-file--media-8b84db34-75cb-42cf-ab99-8e2f31d16dfb\">Descarga<\/a><\/div>\n\n\n\n<p><\/p>\n\n\n\n<p><\/p>\n\n\n\n<p><\/p>\n\n\n\n<h2 class=\"wp-block-heading\">Formularios de Inscripci\u00f3n &#8211; Examen Mayo 2026<\/h2>\n\n\n\n<p>Seleccione la Carrera y el Plan de Estudios para acceder al Formulario de Inscripci\u00f3n que corresponda<\/p>\n\n\n\n<p><a href=\"https:\/\/forms.gle\/9veEowvZRHsB4mH3A\" data-type=\"URL\" data-id=\"https:\/\/forms.gle\/9veEowvZRHsB4mH3A\" target=\"_blank\" rel=\"noreferrer noopener\">BIOLOG\u00cdA \u2013 PLAN 2020<\/a><\/p>\n\n\n\n<p><a href=\"https:\/\/forms.gle\/Xwczr5ySgEiUjWgL6\" data-type=\"URL\" data-id=\"https:\/\/forms.gle\/Xwczr5ySgEiUjWgL6\" target=\"_blank\" rel=\"noreferrer noopener\">CIENCIA POL\u00cdTICA \u2013 PLAN 2020<\/a><\/p>\n\n\n\n<p><a href=\"https:\/\/forms.gle\/UDxWX3EYEmewXQAs9\" data-type=\"URL\" data-id=\"https:\/\/forms.gle\/UDxWX3EYEmewXQAs9\" target=\"_blank\" rel=\"noreferrer noopener\">CIENCIAS DE LA ADMINISTRACI\u00d3N \u2013 PLAN 2020<\/a><\/p>\n\n\n\n<p id=\"block-272782a9-fee2-4f65-9f2a-17a6117031f9\"><a href=\"https:\/\/forms.gle\/Q77Je9JHUR346k8a9\" data-type=\"URL\" data-id=\"https:\/\/forms.gle\/Q77Je9JHUR346k8a9\" target=\"_blank\" rel=\"noreferrer noopener\">EDUCACI\u00d3N TECNOL\u00d3GICA \u2013 PLAN 2020<\/a><\/p>\n\n\n\n<p><a href=\"https:\/\/forms.gle\/aHtb6qVQ9EszYVKn8\" data-type=\"URL\" data-id=\"https:\/\/forms.gle\/aHtb6qVQ9EszYVKn8\" target=\"_blank\" rel=\"noreferrer noopener\">FILOSOF\u00cdA \u2013 PLAN 2020<\/a><\/p>\n\n\n\n<p id=\"block-5cf280db-23eb-46a5-95d9-ebf45e3e56bb\"><a href=\"https:\/\/forms.gle\/wpAJTBQe3n3MPFiM7\" data-type=\"URL\" data-id=\"https:\/\/forms.gle\/wpAJTBQe3n3MPFiM7\" target=\"_blank\" rel=\"noreferrer noopener\">F\u00cdSICA \u2013 PLAN 2020<\/a><\/p>\n\n\n\n<p id=\"block-9dc8e6a8-c8ca-48f5-9e03-050fdb2cb1f2\"><a href=\"https:\/\/forms.gle\/h1ao4Ppi41kdWv7U8\" data-type=\"URL\" data-id=\"https:\/\/forms.gle\/h1ao4Ppi41kdWv7U8\" target=\"_blank\" rel=\"noreferrer noopener\">GEOGRAF\u00cdA SECUNDARIA \u2013 PLAN 2020<\/a><\/p>\n\n\n\n<p id=\"block-ac2a7f2b-1eea-41d7-ae11-36d240e4117c\"><a href=\"https:\/\/forms.gle\/oGEiNSh6V3h14i7S8\" data-type=\"URL\" data-id=\"https:\/\/forms.gle\/oGEiNSh6V3h14i7S8\" target=\"_blank\" rel=\"noreferrer noopener\">GEOGRAF\u00cdA SUPERIOR \u2013 PLAN 2020<\/a><\/p>\n\n\n\n<p id=\"block-04166a81-69d2-479e-b4b8-638f175de85a\"><a href=\"https:\/\/forms.gle\/hwRt8TL9QtbBdAPs9\" data-type=\"URL\" data-id=\"https:\/\/forms.gle\/hwRt8TL9QtbBdAPs9\" target=\"_blank\" rel=\"noreferrer noopener\">GESTI\u00d3N AMBIENTAL \u2013 PLAN 2016<\/a><\/p>\n\n\n\n<p id=\"block-02d8406f-3d17-470e-88e5-a7536e6139d1\"><a href=\"https:\/\/forms.gle\/8NTvTo9jdtsHZUN46\" data-type=\"URL\" data-id=\"https:\/\/forms.gle\/8NTvTo9jdtsHZUN46\" target=\"_blank\" rel=\"noreferrer noopener\">GESTION AMBIENTAL \u2013 PLAN 2023<\/a><\/p>\n\n\n\n<p id=\"block-36d85ce9-54af-4ed9-883a-7890fd6cc25c\"><a href=\"https:\/\/forms.gle\/HEjfhF41ZXxuY5VS6\" data-type=\"URL\" data-id=\"https:\/\/forms.gle\/HEjfhF41ZXxuY5VS6\" target=\"_blank\" rel=\"noreferrer noopener\">HISTORIA \u2013 PLAN 2020<\/a><\/p>\n\n\n\n<p id=\"block-abdb6f7f-3d1a-48a9-a0fa-9efb816aa8ea\"><a href=\"https:\/\/forms.gle\/uH2DM6MjyD5THUmV9\" data-type=\"URL\" data-id=\"https:\/\/forms.gle\/uH2DM6MjyD5THUmV9\" target=\"_blank\" rel=\"noreferrer noopener\">INGLES \u2013 PLAN 2020<\/a><\/p>\n\n\n\n<p id=\"block-52ff1163-52f5-400f-953d-a741ecb54f01\"><a href=\"https:\/\/forms.gle\/77ScHMppxAowUjLN7\" data-type=\"URL\" data-id=\"https:\/\/forms.gle\/77ScHMppxAowUjLN7\" target=\"_blank\" rel=\"noreferrer noopener\">LENGUA Y LITERATURA \u2013 PLAN 2020<\/a><\/p>\n\n\n\n<p id=\"block-ba108dee-bc36-4210-b173-7913c9163ade\"><a href=\"https:\/\/forms.gle\/x1BCBEubhFRdfgmj7\" data-type=\"URL\" data-id=\"https:\/\/forms.gle\/x1BCBEubhFRdfgmj7\" target=\"_blank\" rel=\"noreferrer noopener\">MATEM\u00c1TICA SECUNDARIA \u2013 PLAN 2020<\/a><\/p>\n\n\n\n<p id=\"block-0275f34b-c9ea-4d28-bd25-4c25bc83d637\"><a href=\"https:\/\/forms.gle\/qG1Wc7byjmnyZ9VWA\" data-type=\"URL\" data-id=\"https:\/\/forms.gle\/qG1Wc7byjmnyZ9VWA\" target=\"_blank\" rel=\"noreferrer noopener\">MATEM\u00c1TICA SUPERIOR \u2013 PLAN 2020<\/a><\/p>\n\n\n\n<p id=\"block-18850b36-95a2-4dad-ad46-bbd104f769e0\"><a href=\"https:\/\/forms.gle\/qmcMrz5CiGaDv6ww5\" data-type=\"URL\" data-id=\"https:\/\/forms.gle\/qmcMrz5CiGaDv6ww5\" target=\"_blank\" rel=\"noreferrer noopener\">PSICOLOG\u00cdA \u2013 PLAN 2020<\/a><\/p>\n\n\n\n<p id=\"block-b26e3900-d2ab-4b0c-8ae5-95129d9103c0\"><a href=\"https:\/\/forms.gle\/wR43ZbcWKbUpUCHD9\" data-type=\"URL\" data-id=\"https:\/\/forms.gle\/wR43ZbcWKbUpUCHD9\" target=\"_blank\" rel=\"noreferrer noopener\">QU\u00cdMICA \u2013 PLAN 2020<\/a><\/p>\n\n\n\n<p id=\"block-7021fe1b-76c7-4f17-8e09-8914f20e85c3\"><a href=\"https:\/\/forms.gle\/RyMDnyGknLz9EECG8\" data-type=\"URL\" data-id=\"https:\/\/forms.gle\/RyMDnyGknLz9EECG8\" target=\"_blank\" rel=\"noreferrer noopener\">SOCIOLOG\u00cdA \u2013 PLAN 2020<\/a><\/p>\n\n\n\n<p id=\"block-c67e11f5-2d63-4c79-87c8-f4b8a5655c8c\"><a href=\"https:\/\/forms.gle\/TWQUSLRqMmZF7N8c6\" data-type=\"URL\" data-id=\"https:\/\/forms.gle\/TWQUSLRqMmZF7N8c6\" target=\"_blank\" rel=\"noreferrer noopener\">SOPORTE \u2013 PLAN 2016<\/a><\/p>\n\n\n\n<p id=\"block-f092b847-61dd-4d6b-acdc-bb0b3eaa3787\"><a href=\"https:\/\/forms.gle\/m5YqTwXyanoqH4Hy8\" data-type=\"URL\" data-id=\"https:\/\/forms.gle\/m5YqTwXyanoqH4Hy8\" target=\"_blank\" rel=\"noreferrer noopener\">SOPORTE \u2013 PLAN 2023<\/a><\/p>\n\n\n\n<p id=\"block-19ffa736-1820-4971-8086-0906fda9b42f\"><a href=\"https:\/\/forms.gle\/qdP9QjmFTT9494Y5A\" data-type=\"URL\" data-id=\"https:\/\/forms.gle\/qdP9QjmFTT9494Y5A\" target=\"_blank\" rel=\"noreferrer noopener\">TIC \u2013 PLAN 2020<\/a><\/p>\n\n\n\n<p id=\"block-272782a9-fee2-4f65-9f2a-17a6117031f9\"><a href=\"https:\/\/forms.gle\/s5hxusFvzcfeduCV6\" data-type=\"URL\" data-id=\"https:\/\/forms.gle\/s5hxusFvzcfeduCV6\" target=\"_blank\" rel=\"noreferrer noopener\">TURISMO \u2013 PLAN 2016<\/a><\/p>\n\n\n\n<p id=\"block-91244b31-1f9d-4f87-9fe8-55e82860d3c0\"><a href=\"https:\/\/forms.gle\/pwRQfSxaTAuyeyXg8\" data-type=\"URL\" data-id=\"https:\/\/forms.gle\/pwRQfSxaTAuyeyXg8\" target=\"_blank\" rel=\"noreferrer noopener\">TURISMO \u2013 PLAN 2023<\/a><\/p>\n","protected":false},"excerpt":{"rendered":"<p>Formularios de Inscripci\u00f3n &#8211; Examen Mayo 2026 Seleccione la Carrera y el Plan de Estudios para acceder al Formulario de Inscripci\u00f3n que corresponda BIOLOG\u00cdA \u2013 PLAN 2020 CIENCIA POL\u00cdTICA \u2013 PLAN 2020 CIENCIAS DE LA ADMINISTRACI\u00d3N \u2013 PLAN 2020 EDUCACI\u00d3N TECNOL\u00d3GICA \u2013 PLAN 2020 FILOSOF\u00cdA \u2013 PLAN 2020 F\u00cdSICA \u2013 PLAN 2020 GEOGRAF\u00cdA SECUNDARIA \u2013 &#8230; <a title=\"Ex\u00e1menes Mayo 2026\" class=\"read-more\" href=\"https:\/\/ies5tello-juj.infd.edu.ar\/sitio\/examen-mayo-2026\/\" aria-label=\"More on Ex\u00e1menes Mayo 2026\">[+]<\/a><\/p>\n","protected":false},"author":550,"featured_media":0,"parent":0,"menu_order":0,"comment_status":"closed","ping_status":"closed","template":"","meta":[],"acf":[],"_links":{"self":[{"href":"https:\/\/ies5tello-juj.infd.edu.ar\/sitio\/wp-json\/wp\/v2\/pages\/11096"}],"collection":[{"href":"https:\/\/ies5tello-juj.infd.edu.ar\/sitio\/wp-json\/wp\/v2\/pages"}],"about":[{"href":"https:\/\/ies5tello-juj.infd.edu.ar\/sitio\/wp-json\/wp\/v2\/types\/page"}],"author":[{"embeddable":true,"href":"https:\/\/ies5tello-juj.infd.edu.ar\/sitio\/wp-json\/wp\/v2\/users\/550"}],"replies":[{"embeddable":true,"href":"https:\/\/ies5tello-juj.infd.edu.ar\/sitio\/wp-json\/wp\/v2\/comments?post=11096"}],"version-history":[{"count":3,"href":"https:\/\/ies5tello-juj.infd.edu.ar\/sitio\/wp-json\/wp\/v2\/pages\/11096\/revisions"}],"predecessor-version":[{"id":11101,"href":"https:\/\/ies5tello-juj.infd.edu.ar\/sitio\/wp-json\/wp\/v2\/pages\/11096\/revisions\/11101"}],"wp:attachment":[{"href":"https:\/\/ies5tello-juj.infd.edu.ar\/sitio\/wp-json\/wp\/v2\/media?parent=11096"}],"curies":[{"name":"wp","href":"https:\/\/api.w.org\/{rel}","templated":true}]}}