{"id":1827,"date":"2018-08-30T16:41:30","date_gmt":"2018-08-30T19:41:30","guid":{"rendered":"https:\/\/ies5tello-juj.infd.edu.ar\/sitio\/el-instituto\/"},"modified":"2025-10-03T11:33:54","modified_gmt":"2025-10-03T14:33:54","slug":"el-instituto","status":"publish","type":"page","link":"https:\/\/ies5tello-juj.infd.edu.ar\/sitio\/el-instituto\/","title":{"rendered":"* El Instituto"},"content":{"rendered":"<table id=\"table1\" border=\"1\" cellspacing=\"0\" cellpadding=\"10\" align=\"center\">\n<tbody>\n<tr>\n<td>\n<p class=\"Titulo1\" style=\"text-align: center;\"><span style=\"font-size: 12pt;\"><strong>INSTITUTO DE EDUCACI\u00d3N SUPERIOR N\u00ba 5<\/strong><\/span><\/p>\n<p style=\"text-align: center;\"><span style=\"font-size: 12pt;\"><strong>\u00abJOS\u00c9 EUGENIO TELLO\u00bb<br \/>\n<\/strong><\/span><\/p>\n<p style=\"text-align: center;\"><img decoding=\"async\" loading=\"lazy\" style=\"display: block; margin-left: auto; margin-right: auto;\" src=\"https:\/\/ies5tello-juj.infd.edu.ar\/sitio\/wp-content\/uploads\/2018\/08\/escuela_normal.jpg\" width=\"469\" height=\"417\" border=\"0\" \/>\u00a0Vista Edificio Central<\/p>\n<p style=\"text-align: center;\">Vista\u00a0<a title=\"sede Nacional\" href=\"upload\/img\/DSC00656.JPG\" target=\"_blank\" rel=\"noopener\">Sede\u00a0Col. Nacional<\/a>\u00a0\u00a0\u00a0\u00a0\u00a0\u00a0\u00a0\u00a0\u00a0\u00a0\u00a0\u00a0\u00a0\u00a0\u00a0\u00a0\u00a0\u00a0\u00a0\u00a0\u00a0\u00a0\u00a0\u00a0\u00a0\u00a0\u00a0\u00a0\u00a0\u00a0 \u00a0Vista\u00a0<a title=\"sede 23 de Agosto\" href=\"upload\/img\/DSC00652.JPG\" target=\"_blank\" rel=\"noopener\">Sede 23 de Agosto<\/a><\/p>\n<p><img decoding=\"async\" loading=\"lazy\" src=\"http:\/\/www.ies5tello.edu.ar\/images\/contenido\/logo_small.jpg\" width=\"126\" height=\"132\" align=\"left\" border=\"0\" hspace=\"20\" \/>El 30 de marzo de 1959 durante el primer gobierno de Horacio Gregorio Guzm\u00e1n, se cre\u00f3 en la ciudad de San Salvador de Jujuy el Instituto Nacional Superior del Profesorado Secundario, como secci\u00f3n anexa de la Escuela Normal Mixta \u201cJuan Ignacio Gorriti\u201d. En la actualidad el Instituto cuenta con quince carreras de Formaci\u00f3n Docente y tres Tecnicaturas , todas con validez nacional.<\/td>\n<\/tr>\n<\/tbody>\n<\/table>\n<table style=\"width: 475px; height: 129px;\" border=\"0\">\n<tbody>\n<tr>\n<td><img decoding=\"async\" title=\"Rosarito Vera\" src=\"https:\/\/ies5tello-juj.infd.edu.ar\/sitio\/wp-content\/uploads\/2018\/08\/penaloza.jpg\" alt=\"Rosarito Vera\" border=\"0\" \/><\/td>\n<td>La maestra por excelencia<\/td>\n<\/tr>\n<tr>\n<td><\/td>\n<td><\/td>\n<\/tr>\n<tr>\n<td><\/td>\n<td><\/td>\n<\/tr>\n<tr>\n<td><\/td>\n<td><\/td>\n<\/tr>\n<\/tbody>\n<\/table>\n","protected":false},"excerpt":{"rendered":"<p>INSTITUTO DE EDUCACI\u00d3N SUPERIOR N\u00ba 5 \u00abJOS\u00c9 EUGENIO TELLO\u00bb \u00a0Vista Edificio Central Vista\u00a0Sede\u00a0Col. Nacional\u00a0\u00a0\u00a0\u00a0\u00a0\u00a0\u00a0\u00a0\u00a0\u00a0\u00a0\u00a0\u00a0\u00a0\u00a0\u00a0\u00a0\u00a0\u00a0\u00a0\u00a0\u00a0\u00a0\u00a0\u00a0\u00a0\u00a0\u00a0\u00a0\u00a0 \u00a0Vista\u00a0Sede 23 de Agosto El 30 de marzo de 1959 durante el primer gobierno de Horacio Gregorio Guzm\u00e1n, se cre\u00f3 en la ciudad de San Salvador de Jujuy el Instituto Nacional Superior del Profesorado Secundario, como secci\u00f3n anexa de la Escuela &#8230; <a title=\"* El Instituto\" class=\"read-more\" href=\"https:\/\/ies5tello-juj.infd.edu.ar\/sitio\/el-instituto\/\" aria-label=\"More on * El Instituto\">[+]<\/a><\/p>\n","protected":false},"author":789,"featured_media":0,"parent":0,"menu_order":0,"comment_status":"closed","ping_status":"closed","template":"","meta":[],"acf":[],"_links":{"self":[{"href":"https:\/\/ies5tello-juj.infd.edu.ar\/sitio\/wp-json\/wp\/v2\/pages\/1827"}],"collection":[{"href":"https:\/\/ies5tello-juj.infd.edu.ar\/sitio\/wp-json\/wp\/v2\/pages"}],"about":[{"href":"https:\/\/ies5tello-juj.infd.edu.ar\/sitio\/wp-json\/wp\/v2\/types\/page"}],"author":[{"embeddable":true,"href":"https:\/\/ies5tello-juj.infd.edu.ar\/sitio\/wp-json\/wp\/v2\/users\/789"}],"replies":[{"embeddable":true,"href":"https:\/\/ies5tello-juj.infd.edu.ar\/sitio\/wp-json\/wp\/v2\/comments?post=1827"}],"version-history":[{"count":2,"href":"https:\/\/ies5tello-juj.infd.edu.ar\/sitio\/wp-json\/wp\/v2\/pages\/1827\/revisions"}],"predecessor-version":[{"id":10681,"href":"https:\/\/ies5tello-juj.infd.edu.ar\/sitio\/wp-json\/wp\/v2\/pages\/1827\/revisions\/10681"}],"wp:attachment":[{"href":"https:\/\/ies5tello-juj.infd.edu.ar\/sitio\/wp-json\/wp\/v2\/media?parent=1827"}],"curies":[{"name":"wp","href":"https:\/\/api.w.org\/{rel}","templated":true}]}}