{"id":1863,"date":"2018-08-30T16:41:44","date_gmt":"2018-08-30T19:41:44","guid":{"rendered":"https:\/\/ies5tello-juj.infd.edu.ar\/sitio\/coordinadores\/"},"modified":"2023-07-10T21:59:03","modified_gmt":"2023-07-11T00:59:03","slug":"coordinadores","status":"publish","type":"page","link":"https:\/\/ies5tello-juj.infd.edu.ar\/sitio\/coordinadores\/","title":{"rendered":"COORDINADORES"},"content":{"rendered":"\n<figure class=\"wp-block-table\"><table><tbody><tr><td>Lengua y Literatura<\/td><td>Prof. Ariel Orlando Castillo<\/td><\/tr><tr><td>Matem\u00e1tica<\/td><td>Prof. Rosa Elvira Pacheco Guzm\u00e1n<\/td><\/tr><tr><td>F\u00edsica<\/td><td>Prof. Juan Carlos Sandoval<\/td><\/tr><tr><td>Qu\u00edmica<\/td><td>Prof. Adriana Cecilia Olleta<\/td><\/tr><tr><td>Biolog\u00eda<\/td><td>Prof. F\u00e9lix Ortiz<\/td><\/tr><tr><td>Tecnolog\u00eda<\/td><td>Prof. Roberto Eduardo Campos<\/td><\/tr><tr><td>Filosof\u00eda<\/td><td>Prof. Claudia Raquel Burgos<\/td><\/tr><tr><td>Geograf\u00eda<\/td><td>Prof. Silvia Andrea Rosas<\/td><\/tr><tr><td>Historia<\/td><td>Prof. Silvia M\u00f3nica Gallardo<\/td><\/tr><tr><td>Psicolog\u00eda<\/td><td>Prof. H\u00e9ctor Dar\u00edo Liquitay<\/td><\/tr><tr><td>Ciencias de la Administraci\u00f3n<\/td><td>Prof. Rub\u00e9n Luis Reinaldes<\/td><\/tr><tr><td>Ciencia Pol\u00edtica<\/td><td>Prof. Mariana Alejandra Baldiviezo<\/td><\/tr><tr><td>Ingl\u00e9s<\/td><td>Prof. Eugenia Mariana Ortega<\/td><\/tr><tr><td>Tecnicatura en Gesti\u00f3n Ambiental<\/td><td>Prof. Rosana Patricia Virgili<\/td><\/tr><tr><td>T. Soporte<\/td><td>Prof. Fabiana Judith Chiquello<\/td><\/tr><tr><td>Tecnicatura Superior en Hoteler\u00eda<\/td><td>Prof. Patricia Alejandra Toscano<\/td><\/tr><tr><td>Sociolog\u00eda<\/td><td>Prof. Lorena Irene Vedia<\/td><\/tr><tr><td>Geograf\u00eda Superior<\/td><td>Prof. Eva Griselda Rodo<\/td><\/tr><tr><td>Matem\u00e1tica Superior<\/td><td>Prof. Francisco Javier Zelaya<\/td><\/tr><tr><td>TIC<\/td><td>Prof. Miguel \u00c1ngel Mart\u00ednez<\/td><\/tr><tr><td><\/td><td><\/td><\/tr><tr><td><\/td><td><\/td><\/tr><\/tbody><\/table><\/figure>\n","protected":false},"excerpt":{"rendered":"<p>Lengua y Literatura Prof. Ariel Orlando Castillo Matem\u00e1tica Prof. Rosa Elvira Pacheco Guzm\u00e1n F\u00edsica Prof. Juan Carlos Sandoval Qu\u00edmica Prof. Adriana Cecilia Olleta Biolog\u00eda Prof. F\u00e9lix Ortiz Tecnolog\u00eda Prof. Roberto Eduardo Campos Filosof\u00eda Prof. Claudia Raquel Burgos Geograf\u00eda Prof. Silvia Andrea Rosas Historia Prof. Silvia M\u00f3nica Gallardo Psicolog\u00eda Prof. H\u00e9ctor Dar\u00edo Liquitay Ciencias de la &#8230; <a title=\"COORDINADORES\" class=\"read-more\" href=\"https:\/\/ies5tello-juj.infd.edu.ar\/sitio\/coordinadores\/\" aria-label=\"More on COORDINADORES\">[+]<\/a><\/p>\n","protected":false},"author":789,"featured_media":0,"parent":0,"menu_order":0,"comment_status":"closed","ping_status":"closed","template":"","meta":[],"acf":[],"_links":{"self":[{"href":"https:\/\/ies5tello-juj.infd.edu.ar\/sitio\/wp-json\/wp\/v2\/pages\/1863"}],"collection":[{"href":"https:\/\/ies5tello-juj.infd.edu.ar\/sitio\/wp-json\/wp\/v2\/pages"}],"about":[{"href":"https:\/\/ies5tello-juj.infd.edu.ar\/sitio\/wp-json\/wp\/v2\/types\/page"}],"author":[{"embeddable":true,"href":"https:\/\/ies5tello-juj.infd.edu.ar\/sitio\/wp-json\/wp\/v2\/users\/789"}],"replies":[{"embeddable":true,"href":"https:\/\/ies5tello-juj.infd.edu.ar\/sitio\/wp-json\/wp\/v2\/comments?post=1863"}],"version-history":[{"count":8,"href":"https:\/\/ies5tello-juj.infd.edu.ar\/sitio\/wp-json\/wp\/v2\/pages\/1863\/revisions"}],"predecessor-version":[{"id":8555,"href":"https:\/\/ies5tello-juj.infd.edu.ar\/sitio\/wp-json\/wp\/v2\/pages\/1863\/revisions\/8555"}],"wp:attachment":[{"href":"https:\/\/ies5tello-juj.infd.edu.ar\/sitio\/wp-json\/wp\/v2\/media?parent=1863"}],"curies":[{"name":"wp","href":"https:\/\/api.w.org\/{rel}","templated":true}]}}