{"id":1892,"date":"2018-08-30T16:42:00","date_gmt":"2018-08-30T19:42:00","guid":{"rendered":"https:\/\/ies5tello-juj.infd.edu.ar\/sitio\/resoluciones-provinciales\/"},"modified":"2022-03-23T21:06:49","modified_gmt":"2022-03-24T00:06:49","slug":"resoluciones-provinciales","status":"publish","type":"page","link":"https:\/\/ies5tello-juj.infd.edu.ar\/sitio\/resoluciones-provinciales\/","title":{"rendered":"Resoluciones Provinciales"},"content":{"rendered":"<h3><a href=\"https:\/\/drive.google.com\/file\/d\/1wpx1hKG2SZ1gYf1kdQMvkZ9DPzIJxTSx\/view?usp=sharing\" target=\"_blank\" rel=\"noopener\">Decreto N\u00ba 7320-G-03<\/a><\/h3>\n<h3><a href=\"https:\/\/ies5tello-juj.infd.edu.ar\/sitio\/wp-content\/uploads\/2020\/12\/Res.-052-E-2020.pdf\">Res. 052-E-2020 &#8211; Disposiciones para reglamentar la reubicaci\u00f3n docente<\/a><\/h3>\n<p><span style=\"font-size: 10pt;\"><a title=\"RES 4469-E-17 - MARCO PCIAL DE REG DE LA PRACT PROFESIONAL MOD RES 4597-E-15\" href=\"upload\/RES_4469-E-17_MARCO_PCIAL_DE_REG_DE_LA_PRACT_PROFESIONAL_MOD_RES_4597-E-15.pdf\" target=\"_blank\" rel=\"noopener\">Res\u00a04469-E-17 MARCO PROVINCIAL DE REGULACI\u00d3N DE LA PRACTICA PROFESIONAL<\/a><\/span><\/p>\n<p><span style=\"font-size: 10pt;\"><a title=\"772g03\" href=\"upload\/772g03.pdf\" target=\"_blank\" rel=\"noopener\">Res. 772-E\/08<\/a><\/span><\/p>\n<p><span style=\"font-size: 10pt;\"><a title=\"1025g04\" href=\"upload\/1025g04.pdf\" target=\"_blank\" rel=\"noopener\">Res. 1025-G\/04<\/a><\/span><\/p>\n<p><span style=\"font-size: 10pt;\"><a title=\"2793g05\" href=\"upload\/2793g05.pdf\" target=\"_blank\" rel=\"noopener\">Res. 2793-G\/05<\/a><\/span><\/p>\n<p><span style=\"font-size: 10pt;\"><a title=\"3434\" href=\"upload\/3434Modificatoria_del_Anexo_I_Dto_5452.PDF\" target=\"_blank\" rel=\"noopener\">Res. 3434-E\/10<\/a><\/span><\/p>\n<p><span style=\"font-size: 10pt;\"><a title=\"6815-E-11\" href=\"upload\/6815-E-11.pdf\" target=\"_blank\" rel=\"noopener\">Res. 6815-E\/11 (Regimen Acad\u00e9mica Provincial)<\/a><\/span><\/p>\n<p><span style=\"font-size: 10pt;\"><a title=\"RESOLUCION N\u00ba 0320-14\" href=\"upload\/RESOLUCION_N_0320-14.pdf\" target=\"_blank\" rel=\"noopener\">RESOLUCION N\u00ba 0320-14 &#8211;\u00a0Dise\u00f1os Curriculares en proceso de cierre<\/a><\/span><\/p>\n<p style=\"text-align: center;\"><strong><span style=\"text-decoration: underline; color: #0000ff;\"><span style=\"font-size: 12pt;\">FORMATO DE PRESENTACI\u00d3N DE PROYECTO DE CAPACITACI\u00d3N, ACTUALIZACI\u00d3N Y PERFECCIONAMIENTO DOCENTE RES. N\u00ba 5244<\/span><\/span><\/strong><\/p>\n<p><img decoding=\"async\" loading=\"lazy\" class=\"aligncenter\" title=\"RESOLUCI\u00d3N N\u00ba 5244 - 1-11-17\" src=\"https:\/\/ies5tello-juj.infd.edu.ar\/sitio\/wp-content\/uploads\/2018\/08\/escanear0001_12.jpg\" alt=\"RESOLUCI\u00d3N N\u00ba 5244 - 1-11-17\" width=\"591\" height=\"1051\" border=\"0\" \/><\/p>\n<p><a href=\"https:\/\/ies5tello-juj.infd.edu.ar\/sitio\/wp-content\/uploads\/sitio\/Resolucion_7239-E-2017_1.pdf\" target=\"_blank\" rel=\"noopener\">Resolucion_7239-E-2017<\/a><\/p>\n<h6><a href=\"https:\/\/ies5tello-juj.infd.edu.ar\/sitio\/wp-content\/uploads\/2020\/11\/2272-1050-783-2020.pdf\" target=\"_blank\" rel=\"noopener\">Res. 2272-1050-783-E-2020 \u2013 Plan de Acciones de Finalizaci\u00f3n del T\u00e9rmino Lectivo 2020\u00a0(Ver Resoluci\u00f2n)<\/a><\/h6>\n<p>Resoluci\u00f3n 2158-E-2020 \u2013 Extiende condicionalidad para el cursado y acreditaci\u00f3n de la residencia hasta estas mesas de octubre.\u00a0<a href=\"https:\/\/ies5tello-juj.infd.edu.ar\/sitio\/wp-content\/uploads\/2020\/10\/2158-E-2020.pdf\">Ver Resoluci\u00f3n<\/a><\/p>\n<h6 class=\"entry-title\">Extensi\u00f3n de Efectos Acad\u00e9micos Res. 320 &#8211;\u00a0<a href=\"https:\/\/ies5tello-juj.infd.edu.ar\/sitio\/wp-content\/uploads\/2020\/08\/RES-847-DES-20-PRORROGA.pdf\">RES 847-DES-20 PRORROGA\u00a0(descargar)<\/a><\/h6>\n<p><a href=\"https:\/\/ies5tello-juj.infd.edu.ar\/sitio\/wp-content\/uploads\/2020\/08\/1957-1050-602-20-SUPERIOR-PERIODOS-DE-EXAMENES-ORDINARIOS-Y-EXTRAORDINARIOS.pdf\">-Resoluci\u00f3n N\u00b0 1957-E-20 (Expte 1050-602-20) SUPERIOR- PERIODOS DE EXAMENES ORDINARIOS Y EXTRAORDINARIOS<\/a><\/p>\n<p><a href=\"https:\/\/ies5tello-juj.infd.edu.ar\/sitio\/wp-content\/uploads\/2020\/08\/13_1591-1050-456-20-MODIFICACION-ANEXO-RES-14000-E-19-Y-ART.-3%C2%BA-RES-1525-E-20..pdf\">-RES. N\u00b0 1591 1050-456-20 MODIFICACION ANEXO RES-14000-E-19 Y ART. 3\u00ba RES- 1525-E-20<\/a><\/p>\n<p><a href=\"https:\/\/ies5tello-juj.infd.edu.ar\/sitio\/wp-content\/uploads\/2020\/08\/10_1525-1057-444-20-PROTOCOLO-DE-EXAMENES-FINALES-CON-MODALIDAD-VIRTUAL-PARA-CARRERA-FORMACION-DOCENTE.pdf\">-RES. N\u00b0 1525 1057-444-20 PROTOCOLO DE EXAMENES FINALES CON MODALIDAD VIRTUAL PARA CARRERA FORMACION DOCENTE<\/a><\/p>\n<p><a href=\"https:\/\/ies5tello-juj.infd.edu.ar\/sitio\/wp-content\/uploads\/2020\/08\/811-1082-595-19-CADUCIDAD-DE-LOS-EFECTOS-ACADEMICOS-DE-LOS-DISE%C3%91OS-PARA-LA-FORMACION-DOCENTE-INICIAL-IMPLEMENTADOS-EN-LOS-IES.-19-1.pdf\">-RES. N\u00b0 811 1082-595-19 CADUCIDAD DE LOS EFECTOS ACADEMICOS DE LOS DISE\u00d1OS PARA LA FORMACION DOCENTE INICIAL IMPLEMENTADOS EN LOS IES.-19<\/a><\/p>\n<p><a href=\"https:\/\/ies5tello-juj.infd.edu.ar\/sitio\/wp-content\/uploads\/2020\/08\/Anuario-Escolar-2020-2021-listo.pdf\">-RES. N\u00b0 14000 \u2013 Anuario Escolar 2020-2021<\/a><\/p>\n<p><a href=\"https:\/\/ies5tello-juj.infd.edu.ar\/sitio\/wp-content\/uploads\/2020\/08\/Res1675_DES_15.pdf\">-RES. N\u00b0 1675-DES-15<\/a><\/p>\n<p><a href=\"https:\/\/ies5tello-juj.infd.edu.ar\/sitio\/wp-content\/uploads\/2020\/08\/RESOLUCION-N%C2%BA-0320-14.pdf\">-RES. N\u00ba 0320-DES-14<\/a><\/p>\n<p>&#8211;<a href=\"https:\/\/ies5tello-juj.infd.edu.ar\/sitio\/wp-content\/uploads\/2020\/03\/1096-E-2020-CONVENIO-CELEBRADO-CON-COMPETIR-EDUTECH-ACCESO-GRATUITO-A-APRENDER-EN-CASA.pdf\">1096-E-2020 CONVENIO CELEBRADO CON COMPETIR EDUTECH ACCESO GRATUITO A APRENDER EN CASA<\/a><\/p>\n<p>\u00a0<\/p>\n<p><strong style=\"font-size: 10pt; text-decoration: underline;\">RESOLUCIONES DE NUEVOS PLANES DE ESTUDIO:<\/strong><\/p>\n<p><span style=\"font-size: 10pt;\"><a title=\"Res 3712-15 Formacion Docente Inicial del Profesorado de Educacion Tecnologica\" href=\"upload\/Res_3712-15.pdf\" target=\"_blank\" rel=\"noopener\">Resolucion N\u00b0 3712 &#8211; Profesorado de Educaci\u00f3n Tecnol\u00f3gica (vigente desde el a\u00f1o 2016)<\/a><\/span><\/p>\n<p><span style=\"font-size: 10pt;\"><a title=\"DC Profesorado C Politica - Jujuy\" href=\"upload\/DC_Profesorado_C_Politica_-_Jujuy.pdf\" target=\"_blank\" rel=\"noopener\">DC Profesorado C Politica &#8211; Jujuy<\/a><\/span><\/p>\n<p><span style=\"font-size: 10pt;\"><a title=\"DC Profesorado de Biologia - Jujuy\" href=\"upload\/DC_Profesorado_de_Biologia_-_Jujuy.pdf\" target=\"_blank\" rel=\"noopener\">DC Profesorado de Biologia &#8211; Jujuy<\/a><\/span><\/p>\n<p><span style=\"font-size: 10pt;\"><a title=\"DC Profesorado de Cs de la Administracion - Jujuy\" href=\"upload\/DC_Profesorado_de_Cs_de_la_Administracion_-_Jujuy.pdf\" target=\"_blank\" rel=\"noopener\">DC Profesorado de Cs de la Administracion &#8211; Jujuy<\/a><\/span><\/p>\n<p><span style=\"font-size: 10pt;\"><a title=\"DC Profesorado de Filosofia - Jujuy\" href=\"upload\/DC_Profesorado_de_Filosofia_-_Jujuy.pdf\" target=\"_blank\" rel=\"noopener\">DC Profesorado de Filosofia &#8211; Jujuy<\/a><\/span><\/p>\n<p><span style=\"font-size: 10pt;\"><a title=\"DC Profesorado de Fisica - Jujuy\" href=\"upload\/DC_Profesorado_de_Fisica_-_Jujuy.pdf\" target=\"_blank\" rel=\"noopener\">DC Profesorado de Fisica &#8211; Jujuy<\/a><\/span><\/p>\n<p><span style=\"font-size: 10pt;\"><a title=\"DC Profesorado de Geografia - Jujuy\" href=\"upload\/DC_Profesorado_de_Geografia_-_Jujuy.pdf\" target=\"_blank\" rel=\"noopener\">DC Profesorado de Geografia &#8211; Jujuy<\/a><\/span><\/p>\n<p><span style=\"font-size: 10pt;\"><a title=\"DC Profesorado de Historia - Jujuy\" href=\"upload\/DC_Profesorado_de_Historia_-_Jujuy.pdf\" target=\"_blank\" rel=\"noopener\">DC Profesorado de Historia &#8211; Jujuy<\/a><\/span><\/p>\n<p><span style=\"font-size: 10pt;\"><a title=\"DC Profesorado de Ingles - Jujuy\" href=\"upload\/DC_Profesorado_de_Ingles_-_Jujuy.pdf\" target=\"_blank\" rel=\"noopener\">DC Profesorado de Ingles &#8211; Jujuy<\/a><\/span><\/p>\n<p><span style=\"font-size: 10pt;\"><a title=\"DC Profesorado de Lengua y Literatura - Jujuy\" href=\"upload\/DC_Profesorado_de_Lengua_y_Literatura_-_Jujuy.pdf\" target=\"_blank\" rel=\"noopener\">DC Profesorado de Lengua y Literatura &#8211; Jujuy<\/a><\/span><\/p>\n<p><span style=\"font-size: 10pt;\"><a title=\"DC Profesorado de Matematica - Jujuy\" href=\"upload\/DC_Profesorado_de_Matematica_-_Jujuy.pdf\" target=\"_blank\" rel=\"noopener\">DC Profesorado de Matematica &#8211; Jujuy<\/a><\/span><\/p>\n<p><span style=\"font-size: 10pt;\"><a title=\"DC Profesorado de Psicologia - Jujuy\" href=\"upload\/DC_Profesorado_de_Psicologia_-_Jujuy.pdf\" target=\"_blank\" rel=\"noopener\">DC Profesorado de Psicologia &#8211; Jujuy<\/a><\/span><\/p>\n<p><span style=\"font-size: 10pt;\"><a title=\"DC Profesorado de Quimica - Jujuy\" href=\"upload\/DC_Profesorado_de_Quimica_-_Jujuy.pdf\" target=\"_blank\" rel=\"noopener\">DC Profesorado de Quimica &#8211; Jujuy<\/a><\/span><\/p>\n<p><span style=\"text-decoration: underline;\"><span style=\"font-size: 10pt;\"><strong style=\"font-size: 12pt;\">Reglamento para clasificaci\u00f3n de antecedentes:<\/strong><\/span><\/span><\/p>\n<p><a title=\"Carreras Docentes\" href=\"upload\/Carreras_Docentes.pdf\" target=\"_blank\" rel=\"noopener\">Carreras Docentes &#8211; Res. N\u00ba\u00a03768 S.E.-06\u00a0<\/a><\/p>\n<p><a title=\"Carreras T\u00e9cnicas\" href=\"upload\/Carreras_T%E9cnicas.pdf\" target=\"_blank\" rel=\"noopener\">Carreras T\u00e9cnicas &#8211; Res. N\u00ba 3933 S.E.-06<\/a><\/p>\n\n\n<p><\/p>\n","protected":false},"excerpt":{"rendered":"<p>Decreto N\u00ba 7320-G-03 Res. 052-E-2020 &#8211; Disposiciones para reglamentar la reubicaci\u00f3n docente Res\u00a04469-E-17 MARCO PROVINCIAL DE REGULACI\u00d3N DE LA PRACTICA PROFESIONAL Res. 772-E\/08 Res. 1025-G\/04 Res. 2793-G\/05 Res. 3434-E\/10 Res. 6815-E\/11 (Regimen Acad\u00e9mica Provincial) RESOLUCION N\u00ba 0320-14 &#8211;\u00a0Dise\u00f1os Curriculares en proceso de cierre FORMATO DE PRESENTACI\u00d3N DE PROYECTO DE CAPACITACI\u00d3N, ACTUALIZACI\u00d3N Y PERFECCIONAMIENTO DOCENTE RES. &#8230; <a title=\"Resoluciones Provinciales\" class=\"read-more\" href=\"https:\/\/ies5tello-juj.infd.edu.ar\/sitio\/resoluciones-provinciales\/\" aria-label=\"More on Resoluciones Provinciales\">[+]<\/a><\/p>\n","protected":false},"author":789,"featured_media":0,"parent":0,"menu_order":0,"comment_status":"closed","ping_status":"closed","template":"","meta":[],"acf":[],"_links":{"self":[{"href":"https:\/\/ies5tello-juj.infd.edu.ar\/sitio\/wp-json\/wp\/v2\/pages\/1892"}],"collection":[{"href":"https:\/\/ies5tello-juj.infd.edu.ar\/sitio\/wp-json\/wp\/v2\/pages"}],"about":[{"href":"https:\/\/ies5tello-juj.infd.edu.ar\/sitio\/wp-json\/wp\/v2\/types\/page"}],"author":[{"embeddable":true,"href":"https:\/\/ies5tello-juj.infd.edu.ar\/sitio\/wp-json\/wp\/v2\/users\/789"}],"replies":[{"embeddable":true,"href":"https:\/\/ies5tello-juj.infd.edu.ar\/sitio\/wp-json\/wp\/v2\/comments?post=1892"}],"version-history":[{"count":5,"href":"https:\/\/ies5tello-juj.infd.edu.ar\/sitio\/wp-json\/wp\/v2\/pages\/1892\/revisions"}],"predecessor-version":[{"id":6168,"href":"https:\/\/ies5tello-juj.infd.edu.ar\/sitio\/wp-json\/wp\/v2\/pages\/1892\/revisions\/6168"}],"wp:attachment":[{"href":"https:\/\/ies5tello-juj.infd.edu.ar\/sitio\/wp-json\/wp\/v2\/media?parent=1892"}],"curies":[{"name":"wp","href":"https:\/\/api.w.org\/{rel}","templated":true}]}}