{"id":3101,"date":"2019-12-10T22:24:01","date_gmt":"2019-12-11T01:24:01","guid":{"rendered":"https:\/\/ies5tello-juj.infd.edu.ar\/sitio\/?page_id=3101"},"modified":"2023-07-10T21:24:37","modified_gmt":"2023-07-11T00:24:37","slug":"disenos-curriculares-2019-2020","status":"publish","type":"page","link":"https:\/\/ies5tello-juj.infd.edu.ar\/sitio\/disenos-curriculares-2019-2020\/","title":{"rendered":"Dise\u00f1os Curriculares 2019\/2020"},"content":{"rendered":"\n<p><\/p>\n\n\n\n<div class=\"wp-block-file\"><a id=\"wp-block-file--media-86071b81-48dd-4a51-8e19-b8a01182adde\" href=\"https:\/\/ies5tello-juj.infd.edu.ar\/sitio\/wp-content\/uploads\/2021\/12\/Biologia20_R1640e20.pdf\" target=\"_blank\" rel=\"noreferrer noopener\">Profesorado de Educaci\u00f3n Secundaria en Biolog\u00eda &#8211; Res 1640-E-20<\/a><a href=\"https:\/\/ies5tello-juj.infd.edu.ar\/sitio\/wp-content\/uploads\/2021\/12\/Biologia20_R1640e20.pdf\" class=\"wp-block-file__button wp-element-button\" download aria-describedby=\"wp-block-file--media-86071b81-48dd-4a51-8e19-b8a01182adde\">Descarga<\/a><\/div>\n\n\n\n<div class=\"wp-block-file\"><a id=\"wp-block-file--media-6f9a6e69-c226-4809-948e-0afc083bf8a3\" href=\"https:\/\/ies5tello-juj.infd.edu.ar\/sitio\/wp-content\/uploads\/2021\/12\/Filosofia20_R2009E20.pdf\" target=\"_blank\" rel=\"noreferrer noopener\">Profesorado de Educaci\u00f3n Secundaria en Filosof\u00eda &#8211; Res 2009-E-20<\/a><a href=\"https:\/\/ies5tello-juj.infd.edu.ar\/sitio\/wp-content\/uploads\/2021\/12\/Filosofia20_R2009E20.pdf\" class=\"wp-block-file__button wp-element-button\" download aria-describedby=\"wp-block-file--media-6f9a6e69-c226-4809-948e-0afc083bf8a3\">Descarga<\/a><\/div>\n\n\n\n<div class=\"wp-block-file\"><a id=\"wp-block-file--media-f5ccbae0-ab33-4cf4-87c1-3c7ac5806ef0\" href=\"https:\/\/ies5tello-juj.infd.edu.ar\/sitio\/wp-content\/uploads\/2021\/12\/Fisica20_R2006E20.pdf\" target=\"_blank\" rel=\"noreferrer noopener\">Profesorado de Educaci\u00f3n Secundaria en F\u00edsica &#8211; Res 2006-E-20<\/a><a href=\"https:\/\/ies5tello-juj.infd.edu.ar\/sitio\/wp-content\/uploads\/2021\/12\/Fisica20_R2006E20.pdf\" class=\"wp-block-file__button wp-element-button\" download aria-describedby=\"wp-block-file--media-f5ccbae0-ab33-4cf4-87c1-3c7ac5806ef0\">Descarga<\/a><\/div>\n\n\n\n<div class=\"wp-block-file\"><a id=\"wp-block-file--media-bf560d30-a6d4-4c65-afb8-8cd14d835c50\" href=\"https:\/\/ies5tello-juj.infd.edu.ar\/sitio\/wp-content\/uploads\/2021\/12\/Geografia-Secundaria20_R1033E20.pdf\" target=\"_blank\" rel=\"noreferrer noopener\">Profesorado de Educaci\u00f3n Secundaria en Geograf\u00eda &#8211; Res 1033-E-20<\/a><a href=\"https:\/\/ies5tello-juj.infd.edu.ar\/sitio\/wp-content\/uploads\/2021\/12\/Geografia-Secundaria20_R1033E20.pdf\" class=\"wp-block-file__button wp-element-button\" download aria-describedby=\"wp-block-file--media-bf560d30-a6d4-4c65-afb8-8cd14d835c50\">Descarga<\/a><\/div>\n\n\n\n<div class=\"wp-block-file\"><a id=\"wp-block-file--media-cc0a95fd-b53d-4fdf-b512-be7517b0dc76\" href=\"https:\/\/ies5tello-juj.infd.edu.ar\/sitio\/wp-content\/uploads\/2021\/12\/Geografia-Superior20_R0985E20.pdf\" target=\"_blank\" rel=\"noreferrer noopener\">Profesorado de Educaci\u00f3n Superior en Geograf\u00eda &#8211; Res 0985-E-20<\/a><a href=\"https:\/\/ies5tello-juj.infd.edu.ar\/sitio\/wp-content\/uploads\/2021\/12\/Geografia-Superior20_R0985E20.pdf\" class=\"wp-block-file__button wp-element-button\" download aria-describedby=\"wp-block-file--media-cc0a95fd-b53d-4fdf-b512-be7517b0dc76\">Descarga<\/a><\/div>\n\n\n\n<div class=\"wp-block-file\"><a id=\"wp-block-file--media-45545ae7-369f-4053-b951-0d6e0f94b369\" href=\"https:\/\/ies5tello-juj.infd.edu.ar\/sitio\/wp-content\/uploads\/2021\/12\/Historia20_R2005E20.pdf\" target=\"_blank\" rel=\"noreferrer noopener\">Profesorado de Educaci\u00f3n Secundaria en Historia &#8211; Res 2005-E-20<\/a><a href=\"https:\/\/ies5tello-juj.infd.edu.ar\/sitio\/wp-content\/uploads\/2021\/12\/Historia20_R2005E20.pdf\" class=\"wp-block-file__button wp-element-button\" download aria-describedby=\"wp-block-file--media-45545ae7-369f-4053-b951-0d6e0f94b369\">Descarga<\/a><\/div>\n\n\n\n<div class=\"wp-block-file\"><a id=\"wp-block-file--media-8a19d2c9-063b-4574-8065-a5c9d55ea2be\" href=\"https:\/\/ies5tello-juj.infd.edu.ar\/sitio\/wp-content\/uploads\/2021\/12\/Lengua-y-Literatura20_R2010E20.pdf\" target=\"_blank\" rel=\"noreferrer noopener\">Profesorado de Educaci\u00f3n Secundaria en Lengua y Literatura &#8211; Res 2010-E-20<\/a><a href=\"https:\/\/ies5tello-juj.infd.edu.ar\/sitio\/wp-content\/uploads\/2021\/12\/Lengua-y-Literatura20_R2010E20.pdf\" class=\"wp-block-file__button wp-element-button\" download aria-describedby=\"wp-block-file--media-8a19d2c9-063b-4574-8065-a5c9d55ea2be\">Descarga<\/a><\/div>\n\n\n\n<div class=\"wp-block-file\"><a id=\"wp-block-file--media-8eb2e2a7-0615-4533-8407-6335b284ba56\" href=\"https:\/\/ies5tello-juj.infd.edu.ar\/sitio\/wp-content\/uploads\/2021\/12\/Matematica-Secendaria20_1352E20.pdf\" target=\"_blank\" rel=\"noreferrer noopener\">Profesorado de Educaci\u00f3n Secundaria en Matem\u00e1tica &#8211; Res 1352-E-20<\/a><a href=\"https:\/\/ies5tello-juj.infd.edu.ar\/sitio\/wp-content\/uploads\/2021\/12\/Matematica-Secendaria20_1352E20.pdf\" class=\"wp-block-file__button wp-element-button\" download aria-describedby=\"wp-block-file--media-8eb2e2a7-0615-4533-8407-6335b284ba56\">Descarga<\/a><\/div>\n\n\n\n<div class=\"wp-block-file\"><a id=\"wp-block-file--media-acfac824-04c8-4d96-a9fe-1a55cfae310b\" href=\"https:\/\/ies5tello-juj.infd.edu.ar\/sitio\/wp-content\/uploads\/2021\/12\/Matematica-Superior20_R1811E20.pdf\" target=\"_blank\" rel=\"noreferrer noopener\">Profesorado de Educaci\u00f3n Superior en Matem\u00e1tica &#8211; Res 1811-E-20<\/a><a href=\"https:\/\/ies5tello-juj.infd.edu.ar\/sitio\/wp-content\/uploads\/2021\/12\/Matematica-Superior20_R1811E20.pdf\" class=\"wp-block-file__button wp-element-button\" download aria-describedby=\"wp-block-file--media-acfac824-04c8-4d96-a9fe-1a55cfae310b\">Descarga<\/a><\/div>\n\n\n\n<div class=\"wp-block-file\"><a id=\"wp-block-file--media-25af0717-4c33-4d6a-934d-6d368ac4a522\" href=\"https:\/\/ies5tello-juj.infd.edu.ar\/sitio\/wp-content\/uploads\/2021\/12\/Psicologia20_R1639E20.pdf\" target=\"_blank\" rel=\"noreferrer noopener\">Profesorado de Educaci\u00f3n Secundaria en Psicolog\u00eda &#8211; Res 1639-E-20<\/a><a href=\"https:\/\/ies5tello-juj.infd.edu.ar\/sitio\/wp-content\/uploads\/2021\/12\/Psicologia20_R1639E20.pdf\" class=\"wp-block-file__button wp-element-button\" download aria-describedby=\"wp-block-file--media-25af0717-4c33-4d6a-934d-6d368ac4a522\">Descarga<\/a><\/div>\n\n\n\n<div class=\"wp-block-file\"><a id=\"wp-block-file--media-7dddf8e3-dad3-4170-b875-086f450cb6a5\" href=\"https:\/\/ies5tello-juj.infd.edu.ar\/sitio\/wp-content\/uploads\/2021\/12\/Sociologia20_R1351E20.pdf\" target=\"_blank\" rel=\"noreferrer noopener\">Profesorado de Educaci\u00f3n Secundaria en Sociolog\u00eda &#8211; Res 1351-E-20<\/a><a href=\"https:\/\/ies5tello-juj.infd.edu.ar\/sitio\/wp-content\/uploads\/2021\/12\/Sociologia20_R1351E20.pdf\" class=\"wp-block-file__button wp-element-button\" download aria-describedby=\"wp-block-file--media-7dddf8e3-dad3-4170-b875-086f450cb6a5\">Descarga<\/a><\/div>\n\n\n\n<div class=\"wp-block-file\"><a id=\"wp-block-file--media-ddd76a85-78f5-4ee1-9cf8-4c97e61e4803\" href=\"https:\/\/ies5tello-juj.infd.edu.ar\/sitio\/wp-content\/uploads\/2021\/12\/13960-E-TECNOLOGICA-20.pdf\" target=\"_blank\" rel=\"noreferrer noopener\">Profesorado de Educaci\u00f3n Tecnol\u00f3gica &#8211; Res 13960-E-19<\/a><a href=\"https:\/\/ies5tello-juj.infd.edu.ar\/sitio\/wp-content\/uploads\/2021\/12\/13960-E-TECNOLOGICA-20.pdf\" class=\"wp-block-file__button wp-element-button\" download aria-describedby=\"wp-block-file--media-ddd76a85-78f5-4ee1-9cf8-4c97e61e4803\">Descarga<\/a><\/div>\n\n\n\n<div class=\"wp-block-file\"><a id=\"wp-block-file--media-1609b020-4343-413a-9822-9fb4c3bca0fc\" href=\"https:\/\/ies5tello-juj.infd.edu.ar\/sitio\/wp-content\/uploads\/2021\/12\/13942-INGLES-20.pdf\" target=\"_blank\" rel=\"noreferrer noopener\">Profesorado de ingles &#8211; Res 13942-E-19<\/a><a href=\"https:\/\/ies5tello-juj.infd.edu.ar\/sitio\/wp-content\/uploads\/2021\/12\/13942-INGLES-20.pdf\" class=\"wp-block-file__button wp-element-button\" download aria-describedby=\"wp-block-file--media-1609b020-4343-413a-9822-9fb4c3bca0fc\">Descarga<\/a><\/div>\n\n\n\n<div class=\"wp-block-file\"><a id=\"wp-block-file--media-0fe3157c-f52a-4e15-b692-d0478d23e32c\" href=\"https:\/\/ies5tello-juj.infd.edu.ar\/sitio\/wp-content\/uploads\/2021\/12\/13955-QUIMICA-21.pdf\" target=\"_blank\" rel=\"noreferrer noopener\">Profesorado de Educaci\u00f3n Secundaria en Qu\u00edmica &#8211; Res 13955-E-19<\/a><a href=\"https:\/\/ies5tello-juj.infd.edu.ar\/sitio\/wp-content\/uploads\/2021\/12\/13955-QUIMICA-21.pdf\" class=\"wp-block-file__button wp-element-button\" download aria-describedby=\"wp-block-file--media-0fe3157c-f52a-4e15-b692-d0478d23e32c\">Descarga<\/a><\/div>\n\n\n\n<div class=\"wp-block-file\"><a id=\"wp-block-file--media-c37ea081-c45f-4946-9585-b49f5c6d6e9e\" href=\"https:\/\/ies5tello-juj.infd.edu.ar\/sitio\/wp-content\/uploads\/2021\/12\/13962-TIC-20.pdf\" target=\"_blank\" rel=\"noreferrer noopener\">Profesorado de Educaci\u00f3n Secundaria en Tecnolog\u00eda de la Informaci\u00f3n y Comunicaci\u00f3n &#8211; Res 13962-E-19<\/a><a href=\"https:\/\/ies5tello-juj.infd.edu.ar\/sitio\/wp-content\/uploads\/2021\/12\/13962-TIC-20.pdf\" class=\"wp-block-file__button wp-element-button\" download aria-describedby=\"wp-block-file--media-c37ea081-c45f-4946-9585-b49f5c6d6e9e\">Descarga<\/a><\/div>\n\n\n\n<p><\/p>\n\n\n\n<div class=\"wp-block-file\"><object class=\"wp-block-file__embed\" data=\"https:\/\/ies5tello-juj.infd.edu.ar\/sitio\/wp-content\/uploads\/2023\/07\/13949-E-19-DISENO-DE-CS.-POLITICAS-2.020-21-1-1.pdf\" type=\"application\/pdf\" style=\"width:100%;height:600px\" aria-label=\"Incrustado de 13949-E-19 - DISE\u00d1O DE CS. POLITICAS 2.020-21 -.\"><\/object><a id=\"wp-block-file--media-86071b81-48dd-4a51-8e19-b8a01182adde\" href=\"https:\/\/ies5tello-juj.infd.edu.ar\/sitio\/wp-content\/uploads\/2023\/07\/13949-E-19-DISENO-DE-CS.-POLITICAS-2.020-21-1-1.pdf\" target=\"_blank\" rel=\"noreferrer noopener\">13949-E-19 &#8211; DISE\u00d1O DE CS. POLITICAS 2.020-21 &#8211;<\/a><a href=\"https:\/\/ies5tello-juj.infd.edu.ar\/sitio\/wp-content\/uploads\/2023\/07\/13949-E-19-DISENO-DE-CS.-POLITICAS-2.020-21-1-1.pdf\" class=\"wp-block-file__button wp-element-button\" download aria-describedby=\"wp-block-file--media-86071b81-48dd-4a51-8e19-b8a01182adde\">Descarga<\/a><\/div>\n\n\n\n<div class=\"wp-block-file\"><object class=\"wp-block-file__embed\" data=\"https:\/\/ies5tello-juj.infd.edu.ar\/sitio\/wp-content\/uploads\/2021\/12\/2007-E-20-Ciencias-de-la-Admin-DC.pdf\" type=\"application\/pdf\" style=\"width:100%;height:600px\" aria-label=\"Incrustado de 2007-E-20-Ciencias-de-la-Admin-DC.\"><\/object><a id=\"wp-block-file--media-86071b81-48dd-4a51-8e19-b8a01182adde\" href=\"https:\/\/ies5tello-juj.infd.edu.ar\/sitio\/wp-content\/uploads\/2021\/12\/2007-E-20-Ciencias-de-la-Admin-DC.pdf\" target=\"_blank\" rel=\"noreferrer noopener\">2007-E-20-Ciencias-de-la-Admin-DC<\/a><a href=\"https:\/\/ies5tello-juj.infd.edu.ar\/sitio\/wp-content\/uploads\/2021\/12\/2007-E-20-Ciencias-de-la-Admin-DC.pdf\" class=\"wp-block-file__button wp-element-button\" download aria-describedby=\"wp-block-file--media-86071b81-48dd-4a51-8e19-b8a01182adde\">Descarga<\/a><\/div>\n","protected":false},"excerpt":{"rendered":"","protected":false},"author":113,"featured_media":0,"parent":0,"menu_order":0,"comment_status":"closed","ping_status":"closed","template":"","meta":[],"acf":[],"_links":{"self":[{"href":"https:\/\/ies5tello-juj.infd.edu.ar\/sitio\/wp-json\/wp\/v2\/pages\/3101"}],"collection":[{"href":"https:\/\/ies5tello-juj.infd.edu.ar\/sitio\/wp-json\/wp\/v2\/pages"}],"about":[{"href":"https:\/\/ies5tello-juj.infd.edu.ar\/sitio\/wp-json\/wp\/v2\/types\/page"}],"author":[{"embeddable":true,"href":"https:\/\/ies5tello-juj.infd.edu.ar\/sitio\/wp-json\/wp\/v2\/users\/113"}],"replies":[{"embeddable":true,"href":"https:\/\/ies5tello-juj.infd.edu.ar\/sitio\/wp-json\/wp\/v2\/comments?post=3101"}],"version-history":[{"count":13,"href":"https:\/\/ies5tello-juj.infd.edu.ar\/sitio\/wp-json\/wp\/v2\/pages\/3101\/revisions"}],"predecessor-version":[{"id":8550,"href":"https:\/\/ies5tello-juj.infd.edu.ar\/sitio\/wp-json\/wp\/v2\/pages\/3101\/revisions\/8550"}],"wp:attachment":[{"href":"https:\/\/ies5tello-juj.infd.edu.ar\/sitio\/wp-json\/wp\/v2\/media?parent=3101"}],"curies":[{"name":"wp","href":"https:\/\/api.w.org\/{rel}","templated":true}]}}