{"id":4396,"date":"2021-03-10T21:47:33","date_gmt":"2021-03-11T00:47:33","guid":{"rendered":"https:\/\/ies5tello-juj.infd.edu.ar\/sitio\/?page_id=4396"},"modified":"2021-03-10T21:47:33","modified_gmt":"2021-03-11T00:47:33","slug":"tic","status":"publish","type":"page","link":"https:\/\/ies5tello-juj.infd.edu.ar\/sitio\/tic\/","title":{"rendered":"TIC"},"content":{"rendered":"<table width=\"299\">\n<tbody>\n<tr>\n<td width=\"299\">Profesorado de Educaci\u00f3n Secundaria en Tecnolog\u00eda de la Informaci\u00f3n y la Comunicaci\u00f3n<\/td>\n<\/tr>\n<tr>\n<td>Apellido y Nombre<\/td>\n<\/tr>\n<tr>\n<td>ABALOS, Tania Aylen<\/td>\n<\/tr>\n<tr>\n<td>ABAN, Alejandra Juana<\/td>\n<\/tr>\n<tr>\n<td>ACU\u00d1A, Ramiro<\/td>\n<\/tr>\n<tr>\n<td>AG\u00dcERO, Ismael Guillermo<\/td>\n<\/tr>\n<tr>\n<td>AGUIRRE, Brian Emanuel Aguirre<\/td>\n<\/tr>\n<tr>\n<td>AGUSTINA, Garcia<\/td>\n<\/tr>\n<tr>\n<td>ALANOCA, Cristian Mariano<\/td>\n<\/tr>\n<tr>\n<td>ALARCON, Fabio N\u00e9stor<\/td>\n<\/tr>\n<tr>\n<td>ALBERO, Dante Rodrigo<\/td>\n<\/tr>\n<tr>\n<td>ALBERTO, Sara Rebeca<\/td>\n<\/tr>\n<tr>\n<td>ALDONATE, Esteban Alexis<\/td>\n<\/tr>\n<tr>\n<td>AMANTE, Florencia<\/td>\n<\/tr>\n<tr>\n<td>ANDRADA, Lorena Paola<\/td>\n<\/tr>\n<tr>\n<td>ARAMAYO BARROS, Jonatan Angel<\/td>\n<\/tr>\n<tr>\n<td>ARCE, Gisela<\/td>\n<\/tr>\n<tr>\n<td>ARMELLA, Alicia Mirta<\/td>\n<\/tr>\n<tr>\n<td>AVALOS, Abigail Fernanda Bel\u00e9n<\/td>\n<\/tr>\n<tr>\n<td>AVILA, Mat\u00edas Joaqu\u00edn<\/td>\n<\/tr>\n<tr>\n<td>AVILA, Rosana Del Huerto<\/td>\n<\/tr>\n<tr>\n<td>BARCONTE, Ester Dionicia<\/td>\n<\/tr>\n<tr>\n<td>BARCONTE, Jairo Rodrigo Pablo<\/td>\n<\/tr>\n<tr>\n<td>BARCONTE, Pablo Ezequiel<\/td>\n<\/tr>\n<tr>\n<td>BAUTISTA, Gabriel Jose Maria<\/td>\n<\/tr>\n<tr>\n<td>BEDIA, Veronica Anahi<\/td>\n<\/tr>\n<tr>\n<td>BEJARANO, Angela De Las Mercedes<\/td>\n<\/tr>\n<tr>\n<td>BRITO, Dami\u00e1n Javier<\/td>\n<\/tr>\n<tr>\n<td>CALISAYA, Ernesto<\/td>\n<\/tr>\n<tr>\n<td>CALISAYA, Misael<\/td>\n<\/tr>\n<tr>\n<td>CALISAYA, Pablo Gustavo<\/td>\n<\/tr>\n<tr>\n<td>CAMACHO, Macarena<\/td>\n<\/tr>\n<tr>\n<td>CAMARGO, Aylen Elizabeth<\/td>\n<\/tr>\n<tr>\n<td>CAMPOS, Susana Isabel<\/td>\n<\/tr>\n<tr>\n<td>CARRILLO, Axel Ivo Maciel<\/td>\n<\/tr>\n<tr>\n<td>CASO, Florencia Alejandra<\/td>\n<\/tr>\n<tr>\n<td>CASO, Rodrigo Ezequiel<\/td>\n<\/tr>\n<tr>\n<td>CAYO, Ram\u00f3n Eliseo<\/td>\n<\/tr>\n<tr>\n<td>CAZ\u00d3N, Julio Francisco Fabricio<\/td>\n<\/tr>\n<tr>\n<td>CESPEDES, Mercedes Alejandra<\/td>\n<\/tr>\n<tr>\n<td>CHA\u00d1I ALARCON, Martin Horacio<\/td>\n<\/tr>\n<tr>\n<td>CHA\u00d1I, Jos\u00e9 Mart\u00edn Wilfredo<\/td>\n<\/tr>\n<tr>\n<td>CHAVEZ, Walter Fernando<\/td>\n<\/tr>\n<tr>\n<td>CHIPANA LEA\u00d1O, Claudia Cecilia<\/td>\n<\/tr>\n<tr>\n<td>CHOQUE ESPINOZA, V\u00edctor Hugo<\/td>\n<\/tr>\n<tr>\n<td>CHOROLQUE, Liliana Elizabeth<\/td>\n<\/tr>\n<tr>\n<td>CISNERO, Claudio Martin<\/td>\n<\/tr>\n<tr>\n<td>COLQUE, Erika Araceli<\/td>\n<\/tr>\n<tr>\n<td>CONDORI, Nelson Rafael<\/td>\n<\/tr>\n<tr>\n<td>CORIMAYO, Laura Anal\u00eda<\/td>\n<\/tr>\n<tr>\n<td>CORIMAYO, Mirta Griselda<\/td>\n<\/tr>\n<tr>\n<td>CORTEZ, Carolina Antonella<\/td>\n<\/tr>\n<tr>\n<td>CRUZ MAMPASO, Elbio Julia Armando<\/td>\n<\/tr>\n<tr>\n<td>CRUZ, Dami\u00e1n Sixto Javier<\/td>\n<\/tr>\n<tr>\n<td>CRUZ, Dami\u00e1n Sixto Javier<\/td>\n<\/tr>\n<tr>\n<td>CRUZ, Fatima Ruth<\/td>\n<\/tr>\n<tr>\n<td>CRUZ, Faustino Salvador<\/td>\n<\/tr>\n<tr>\n<td>CRUZ, Jacinto Pablo Ezequiel<\/td>\n<\/tr>\n<tr>\n<td>CRUZ, Pablo Rene<\/td>\n<\/tr>\n<tr>\n<td>CRUZ, Ver\u00f3nica<\/td>\n<\/tr>\n<tr>\n<td>CUSSI, Juan Alberto<\/td>\n<\/tr>\n<tr>\n<td>DIAZ, Yamila Noelia<\/td>\n<\/tr>\n<tr>\n<td>ESPINOSA, Elizabeth Del Rosario<\/td>\n<\/tr>\n<tr>\n<td>ESPINOSA, Griselda Evangelina<\/td>\n<\/tr>\n<tr>\n<td>ESPINOSA, Ren\u00e9 Humberto<\/td>\n<\/tr>\n<tr>\n<td>FARF\u00c1N, Corina Antonieta<\/td>\n<\/tr>\n<tr>\n<td>FARFAN, Lorena Clelia<\/td>\n<\/tr>\n<tr>\n<td>FERNANDEZ, Fabiola Belen<\/td>\n<\/tr>\n<tr>\n<td>FERNANDEZ, Mayra Leonor<\/td>\n<\/tr>\n<tr>\n<td>FERREYRA, Ana Paula De Los Angeles<\/td>\n<\/tr>\n<tr>\n<td>FIGUEROA, Juan Pablo<\/td>\n<\/tr>\n<tr>\n<td>FLORES, Anahi Gisela Vanesa<\/td>\n<\/tr>\n<tr>\n<td>FLORES, Arcelia Del Huerto<\/td>\n<\/tr>\n<tr>\n<td>FLORES, Gabriela<\/td>\n<\/tr>\n<tr>\n<td>FLORES, Marcelo Javier<\/td>\n<\/tr>\n<tr>\n<td>FLORES, Mariana Rita<\/td>\n<\/tr>\n<tr>\n<td>FLORES, Saul Aldo<\/td>\n<\/tr>\n<tr>\n<td>GALLARDO, Celeste Yesica<\/td>\n<\/tr>\n<tr>\n<td>GALLARDO, Walberta<\/td>\n<\/tr>\n<tr>\n<td>GARECA ORDO\u00d1EZ, Yolanda Paola<\/td>\n<\/tr>\n<tr>\n<td>GARZON, Brian<\/td>\n<\/tr>\n<tr>\n<td>GASPAR, Claudio Ubaldo<\/td>\n<\/tr>\n<tr>\n<td>GERONIMO, Carmen Rosa<\/td>\n<\/tr>\n<tr>\n<td>GODOY, Emilce Jaquelina<\/td>\n<\/tr>\n<tr>\n<td>GONZALEZ, Fernando Javier<\/td>\n<\/tr>\n<tr>\n<td>GONZALEZ, Nelida Marina<\/td>\n<\/tr>\n<tr>\n<td>GRAGEDA GUANUCO, Stella Maris<\/td>\n<\/tr>\n<tr>\n<td>GUANUCO, Laura Elizabeth<\/td>\n<\/tr>\n<tr>\n<td>GUARI, Mar\u00eda Alejandra Elizabeth<\/td>\n<\/tr>\n<tr>\n<td>GUARI, Micaela Rosario<\/td>\n<\/tr>\n<tr>\n<td>GUEMES, Gabriela Isabel<\/td>\n<\/tr>\n<tr>\n<td>G\u00dcEMES, Mario Alfredo<\/td>\n<\/tr>\n<tr>\n<td>GUERRERO ROBLES, Juan Leonardo<\/td>\n<\/tr>\n<tr>\n<td>GUERRERO, Carolina Noel<\/td>\n<\/tr>\n<tr>\n<td>GUITIAN, Oscar Horacio<\/td>\n<\/tr>\n<tr>\n<td>GUTIERREZ, Mario<\/td>\n<\/tr>\n<tr>\n<td>GUTIERREZ, Silvana Marisel<\/td>\n<\/tr>\n<tr>\n<td>HINOJOSA, Silvana Bel\u00e9n<\/td>\n<\/tr>\n<tr>\n<td>HUMANA, Gabina Sandra<\/td>\n<\/tr>\n<tr>\n<td>JUAREZ, Mar\u00eda Marta Del Milagro<\/td>\n<\/tr>\n<tr>\n<td>JURADO, Julieta Noelia<\/td>\n<\/tr>\n<tr>\n<td>LAMAS SEGOVIA, Emir Sergio Miguel<\/td>\n<\/tr>\n<tr>\n<td>LAMAS TOLAY, Georgina Iris<\/td>\n<\/tr>\n<tr>\n<td>LAMAS, Yesica Mabel<\/td>\n<\/tr>\n<tr>\n<td>LE\u00d3N UDRIA, Cristina<\/td>\n<\/tr>\n<tr>\n<td>LIQUITAY, Cristian Francisco<\/td>\n<\/tr>\n<tr>\n<td>LLAMPA, Carlos Alberto<\/td>\n<\/tr>\n<tr>\n<td>LOBOS REALES, Mario Federico<\/td>\n<\/tr>\n<tr>\n<td>LOBOS REALES, Yolanda Analia<\/td>\n<\/tr>\n<tr>\n<td>LOPEZ, Eliana Leonela Abigail<\/td>\n<\/tr>\n<tr>\n<td>LOPEZ, Jos\u00e9 Ignacio<\/td>\n<\/tr>\n<tr>\n<td>LOPEZ, Mariano<\/td>\n<\/tr>\n<tr>\n<td>LUNA, Ariel Alejandro<\/td>\n<\/tr>\n<tr>\n<td>LUNA, Teresa M\u00f3nica<\/td>\n<\/tr>\n<tr>\n<td>MAMANI, Analia Veronica<\/td>\n<\/tr>\n<tr>\n<td>MAMANI, Griselda Fabiola<\/td>\n<\/tr>\n<tr>\n<td>MAMANI, Marta Magdalena<\/td>\n<\/tr>\n<tr>\n<td>MANCUSO, Franco Rom\u00e1n Ezequiel<\/td>\n<\/tr>\n<tr>\n<td>MARQUEZ, Alejandra Gabriela<\/td>\n<\/tr>\n<tr>\n<td>MARSIGLIA, Maria Florencia<\/td>\n<\/tr>\n<tr>\n<td>MARTINEZ, Abril Roc\u00edo<\/td>\n<\/tr>\n<tr>\n<td>MARTINEZ, Laura Alejandra<\/td>\n<\/tr>\n<tr>\n<td>MEDINA, Mar\u00eda Florencia<\/td>\n<\/tr>\n<tr>\n<td>MENDEZ, Jimena Clara Paola<\/td>\n<\/tr>\n<tr>\n<td>MENDEZ, Mar\u00eda Bel\u00e9n<\/td>\n<\/tr>\n<tr>\n<td>MERIDA, Daniel Alejandro<\/td>\n<\/tr>\n<tr>\n<td>MIRANDA, Diana Dolores<\/td>\n<\/tr>\n<tr>\n<td>MOGRO, Carlos Alberto<\/td>\n<\/tr>\n<tr>\n<td>MONTOYA, Erika Marisol<\/td>\n<\/tr>\n<tr>\n<td>MORALES, Adriana Mariel<\/td>\n<\/tr>\n<tr>\n<td>MORALES, Paola Ivana<\/td>\n<\/tr>\n<tr>\n<td>MU\u00c3\u2018IZ, Lorena Micaela<\/td>\n<\/tr>\n<tr>\n<td>MU\u00d1IZ, Lorena Micaela<\/td>\n<\/tr>\n<tr>\n<td>NAVARRO SANCHEZ, Marcel Nahuel<\/td>\n<\/tr>\n<tr>\n<td>OCHOA, Diego Armando<\/td>\n<\/tr>\n<tr>\n<td>OCHOA, Eugenio Federico Hern\u00e1N<\/td>\n<\/tr>\n<tr>\n<td>OCHOA, Sonia Anabel<\/td>\n<\/tr>\n<tr>\n<td>ORTEGA, Julieta Justina<\/td>\n<\/tr>\n<tr>\n<td>OSORIO, Fatima Teresa<\/td>\n<\/tr>\n<tr>\n<td>PANTOJA, Marcelo Adan<\/td>\n<\/tr>\n<tr>\n<td>PANTOJA, Noem\u00ed Patricia<\/td>\n<\/tr>\n<tr>\n<td>PAREDES, Roxana del Milagro<\/td>\n<\/tr>\n<tr>\n<td>PARRA, Anahi<\/td>\n<\/tr>\n<tr>\n<td>PATAGUA, Miriam Estela<\/td>\n<\/tr>\n<tr>\n<td>PE\u00d1ALOZA, Federico Sebasti\u00e1n<\/td>\n<\/tr>\n<tr>\n<td>PIZARRO, Romina Elizabeth<\/td>\n<\/tr>\n<tr>\n<td>PRIETO, Hugo Bartolome<\/td>\n<\/tr>\n<tr>\n<td>PRIETO, Javier Dardo<\/td>\n<\/tr>\n<tr>\n<td>QUINTANILLA, Ivone Gisela<\/td>\n<\/tr>\n<tr>\n<td>QUINTEROS, Gabriela Rita Samanta<\/td>\n<\/tr>\n<tr>\n<td>QUIPILDOR, Jos\u00e9 Angel<\/td>\n<\/tr>\n<tr>\n<td>QUISPE, Agustina Lihue<\/td>\n<\/tr>\n<tr>\n<td>QUISPE, Melisa Candela<\/td>\n<\/tr>\n<tr>\n<td>RAM\u00cdREZ, Jorge C\u00e9sar<\/td>\n<\/tr>\n<tr>\n<td>RAMOS, Sonia Leonor<\/td>\n<\/tr>\n<tr>\n<td>REARTE, Aldo Daniel<\/td>\n<\/tr>\n<tr>\n<td>RIOS, Beatriz Azucena<\/td>\n<\/tr>\n<tr>\n<td>RIVERA, Mario Alfredo<\/td>\n<\/tr>\n<tr>\n<td>RODR\u00cdGUEZ, Esteban Fabian<\/td>\n<\/tr>\n<tr>\n<td>RUARTE, Ivana Belen<\/td>\n<\/tr>\n<tr>\n<td>RUEDA, Natalia Alejandra<\/td>\n<\/tr>\n<tr>\n<td>RUEDA, Silvia Beatriz Del Valle<\/td>\n<\/tr>\n<tr>\n<td>RUIZ, Ariel Nicolas<\/td>\n<\/tr>\n<tr>\n<td>SAJAMA, Adelina Lia<\/td>\n<\/tr>\n<tr>\n<td>SAJAMA, Nancy Abigail<\/td>\n<\/tr>\n<tr>\n<td>SANCHEZ SARDINA, Franco Fabian<\/td>\n<\/tr>\n<tr>\n<td>SANCHEZ, Veronica Claudia<\/td>\n<\/tr>\n<tr>\n<td>SANTOS, Daniel Alejandro<\/td>\n<\/tr>\n<tr>\n<td>SARDO, Mariano Jos\u00e9 Dar\u00edo<\/td>\n<\/tr>\n<tr>\n<td>SAYAGO, Fabricio<\/td>\n<\/tr>\n<tr>\n<td>SILVETTI, Carollina Elizabeth<\/td>\n<\/tr>\n<tr>\n<td>SOLANO SANDILLI, Gina Josefina<\/td>\n<\/tr>\n<tr>\n<td>SOSA, Ariel Iv\u00e1n<\/td>\n<\/tr>\n<tr>\n<td>SOTO, Franco Gonzalo<\/td>\n<\/tr>\n<tr>\n<td>SUAREZ, Alicia Fabiola<\/td>\n<\/tr>\n<tr>\n<td>SUAREZ, David Oscar<\/td>\n<\/tr>\n<tr>\n<td>TARCAYA, Javier Fernando<\/td>\n<\/tr>\n<tr>\n<td>TEJERINA, Silvia Mercedes<\/td>\n<\/tr>\n<tr>\n<td>TOLABA\u00a0 SOZA, Fanny Maxima<\/td>\n<\/tr>\n<tr>\n<td>TOLABA, Florencia Mar\u00eda Luz<\/td>\n<\/tr>\n<tr>\n<td>TOLABA, Vanesa Soledad<\/td>\n<\/tr>\n<tr>\n<td>TORRES, Gabriela<\/td>\n<\/tr>\n<tr>\n<td>TORRES, N\u00e9stor Marcelo<\/td>\n<\/tr>\n<tr>\n<td>USTAREZ, Romina Bel\u00e9n<\/td>\n<\/tr>\n<tr>\n<td>VALDIVIEZO, Gabriela Cristina<\/td>\n<\/tr>\n<tr>\n<td>VARGAS, Patricia<\/td>\n<\/tr>\n<tr>\n<td>VASQUEZ, Bautista<\/td>\n<\/tr>\n<tr>\n<td>VASQUEZ, Leticia Yanina De Los Angeles<\/td>\n<\/tr>\n<tr>\n<td>V\u00c1SQUEZ, V\u00edctor Alfredo<\/td>\n<\/tr>\n<tr>\n<td>VAZQUES, Lucrecia<\/td>\n<\/tr>\n<tr>\n<td>VELAZQUEZ, Facundo<\/td>\n<\/tr>\n<tr>\n<td>VENITEZ, Karina<\/td>\n<\/tr>\n<tr>\n<td>VILCA, Adriana Mercedes<\/td>\n<\/tr>\n<tr>\n<td>VILCA, Gali Silvano<\/td>\n<\/tr>\n<tr>\n<td>VILTE, Gustavo \u00c1lvaro Mat\u00edas<\/td>\n<\/tr>\n<tr>\n<td>VILTE, Lighuen Stella Maris<\/td>\n<\/tr>\n<tr>\n<td>VILTE, Melani<\/td>\n<\/tr>\n<tr>\n<td>ZAMBRANO, Mauro Leonel<\/td>\n<\/tr>\n<tr>\n<td>ZENTENO, Ren\u00e9 Fernando<\/td>\n<\/tr>\n<\/tbody>\n<\/table>\n","protected":false},"excerpt":{"rendered":"<p>Profesorado de Educaci\u00f3n Secundaria en Tecnolog\u00eda de la Informaci\u00f3n y la Comunicaci\u00f3n Apellido y Nombre ABALOS, Tania Aylen ABAN, Alejandra Juana ACU\u00d1A, Ramiro AG\u00dcERO, Ismael Guillermo AGUIRRE, Brian Emanuel Aguirre AGUSTINA, Garcia ALANOCA, Cristian Mariano ALARCON, Fabio N\u00e9stor ALBERO, Dante Rodrigo ALBERTO, Sara Rebeca ALDONATE, Esteban Alexis AMANTE, Florencia ANDRADA, Lorena Paola ARAMAYO BARROS, Jonatan &#8230; <a title=\"TIC\" class=\"read-more\" href=\"https:\/\/ies5tello-juj.infd.edu.ar\/sitio\/tic\/\" aria-label=\"More on TIC\">[+]<\/a><\/p>\n","protected":false},"author":113,"featured_media":0,"parent":0,"menu_order":0,"comment_status":"closed","ping_status":"closed","template":"","meta":[],"acf":[],"_links":{"self":[{"href":"https:\/\/ies5tello-juj.infd.edu.ar\/sitio\/wp-json\/wp\/v2\/pages\/4396"}],"collection":[{"href":"https:\/\/ies5tello-juj.infd.edu.ar\/sitio\/wp-json\/wp\/v2\/pages"}],"about":[{"href":"https:\/\/ies5tello-juj.infd.edu.ar\/sitio\/wp-json\/wp\/v2\/types\/page"}],"author":[{"embeddable":true,"href":"https:\/\/ies5tello-juj.infd.edu.ar\/sitio\/wp-json\/wp\/v2\/users\/113"}],"replies":[{"embeddable":true,"href":"https:\/\/ies5tello-juj.infd.edu.ar\/sitio\/wp-json\/wp\/v2\/comments?post=4396"}],"version-history":[{"count":1,"href":"https:\/\/ies5tello-juj.infd.edu.ar\/sitio\/wp-json\/wp\/v2\/pages\/4396\/revisions"}],"predecessor-version":[{"id":4398,"href":"https:\/\/ies5tello-juj.infd.edu.ar\/sitio\/wp-json\/wp\/v2\/pages\/4396\/revisions\/4398"}],"wp:attachment":[{"href":"https:\/\/ies5tello-juj.infd.edu.ar\/sitio\/wp-json\/wp\/v2\/media?parent=4396"}],"curies":[{"name":"wp","href":"https:\/\/api.w.org\/{rel}","templated":true}]}}