{"id":7353,"date":"2022-09-15T22:44:45","date_gmt":"2022-09-16T01:44:45","guid":{"rendered":"https:\/\/ies5tello-juj.infd.edu.ar\/sitio\/?page_id=7353"},"modified":"2022-09-15T22:44:46","modified_gmt":"2022-09-16T01:44:46","slug":"nota-multiple-87-des-22-y-resolucion-n2179-e-22","status":"publish","type":"page","link":"https:\/\/ies5tello-juj.infd.edu.ar\/sitio\/nota-multiple-87-des-22-y-resolucion-n2179-e-22\/","title":{"rendered":"NOTA M\u00daLTIPLE 87-DES-22 y Resoluci\u00f3n N\u00b02179-E&#8211;22"},"content":{"rendered":"\n<p>A los Rectores<\/p>\n\n\n\n<p>De los Institutos de Educaci\u00f3n Superior:<\/p>\n\n\n\n<p>\u00a0 \u00a0 \u00a0 \u00a0 \u00a0 \u00a0 \u00a0 \u00a0 \u00a0 \u00a0 \u00a0 \u00a0Por indicaciones de la Directora de Educaci\u00f3n Superior Lic. Roxana Soraire, se remite para conocimiento y notificaci\u00f3n NOTA M\u00daLTIPLE 87-DES-22 y Resoluci\u00f3n N\u00b02179-E&#8211;22<br> \u00a0 \u00a0 \u00a0 \u00a0 \u00a0 \u00a0 \u00a0 \u00a0 \u00a0 \u00a0 \u00a0 Atentamente.<\/p>\n\n\n\n<p><strong>Departamento Administrativo<\/strong><\/p>\n\n\n\n<p><strong>Direcci\u00f3n de Educaci\u00f3n Superior<\/strong><\/p>\n\n\n\n<p><strong>Ministerio de Educaci\u00f3n &#8211; Provincia de Jujuy<\/strong><\/p>\n\n\n\n<div class=\"wp-block-file\"><a href=\"https:\/\/ies5tello-juj.infd.edu.ar\/sitio\/wp-content\/uploads\/2022\/09\/RES-2179-E-22.pdf\">RES-2179-E-22<\/a><a href=\"https:\/\/ies5tello-juj.infd.edu.ar\/sitio\/wp-content\/uploads\/2022\/09\/RES-2179-E-22.pdf\" class=\"wp-block-file__button\" download>Descarga<\/a><\/div>\n\n\n\n<div class=\"wp-block-file\"><a href=\"https:\/\/ies5tello-juj.infd.edu.ar\/sitio\/wp-content\/uploads\/2022\/09\/NOTA-MULTIPLE-87-DES-22.pdf\">NOTA-MULTIPLE-87-DES-22<\/a><a href=\"https:\/\/ies5tello-juj.infd.edu.ar\/sitio\/wp-content\/uploads\/2022\/09\/NOTA-MULTIPLE-87-DES-22.pdf\" class=\"wp-block-file__button\" download>Descarga<\/a><\/div>\n\n\n\n<p><\/p>\n","protected":false},"excerpt":{"rendered":"<p>A los Rectores De los Institutos de Educaci\u00f3n Superior: \u00a0 \u00a0 \u00a0 \u00a0 \u00a0 \u00a0 \u00a0 \u00a0 \u00a0 \u00a0 \u00a0 \u00a0Por indicaciones de la Directora de Educaci\u00f3n Superior Lic. Roxana Soraire, se remite para conocimiento y notificaci\u00f3n NOTA M\u00daLTIPLE 87-DES-22 y Resoluci\u00f3n N\u00b02179-E&#8211;22 \u00a0 \u00a0 \u00a0 \u00a0 \u00a0 \u00a0 \u00a0 \u00a0 \u00a0 \u00a0 \u00a0 Atentamente. &#8230; <a title=\"NOTA M\u00daLTIPLE 87-DES-22 y Resoluci\u00f3n N\u00b02179-E&#8211;22\" class=\"read-more\" href=\"https:\/\/ies5tello-juj.infd.edu.ar\/sitio\/nota-multiple-87-des-22-y-resolucion-n2179-e-22\/\" aria-label=\"More on NOTA M\u00daLTIPLE 87-DES-22 y Resoluci\u00f3n N\u00b02179-E&#8211;22\">[+]<\/a><\/p>\n","protected":false},"author":113,"featured_media":0,"parent":0,"menu_order":0,"comment_status":"closed","ping_status":"closed","template":"","meta":[],"acf":[],"_links":{"self":[{"href":"https:\/\/ies5tello-juj.infd.edu.ar\/sitio\/wp-json\/wp\/v2\/pages\/7353"}],"collection":[{"href":"https:\/\/ies5tello-juj.infd.edu.ar\/sitio\/wp-json\/wp\/v2\/pages"}],"about":[{"href":"https:\/\/ies5tello-juj.infd.edu.ar\/sitio\/wp-json\/wp\/v2\/types\/page"}],"author":[{"embeddable":true,"href":"https:\/\/ies5tello-juj.infd.edu.ar\/sitio\/wp-json\/wp\/v2\/users\/113"}],"replies":[{"embeddable":true,"href":"https:\/\/ies5tello-juj.infd.edu.ar\/sitio\/wp-json\/wp\/v2\/comments?post=7353"}],"version-history":[{"count":1,"href":"https:\/\/ies5tello-juj.infd.edu.ar\/sitio\/wp-json\/wp\/v2\/pages\/7353\/revisions"}],"predecessor-version":[{"id":7356,"href":"https:\/\/ies5tello-juj.infd.edu.ar\/sitio\/wp-json\/wp\/v2\/pages\/7353\/revisions\/7356"}],"wp:attachment":[{"href":"https:\/\/ies5tello-juj.infd.edu.ar\/sitio\/wp-json\/wp\/v2\/media?parent=7353"}],"curies":[{"name":"wp","href":"https:\/\/api.w.org\/{rel}","templated":true}]}}