{"id":9552,"date":"2024-07-28T11:23:17","date_gmt":"2024-07-28T14:23:17","guid":{"rendered":"https:\/\/ies5tello-juj.infd.edu.ar\/sitio\/?page_id=9552"},"modified":"2024-08-29T18:54:00","modified_gmt":"2024-08-29T21:54:00","slug":"actualizacion-de-datos-siu-guarani","status":"publish","type":"page","link":"https:\/\/ies5tello-juj.infd.edu.ar\/sitio\/actualizacion-de-datos-siu-guarani\/","title":{"rendered":"Actualizaci\u00f3n de datos &#8211; SIU GUARANI"},"content":{"rendered":"<div class=\"wp-block-image\">\n<figure class=\"aligncenter size-full is-resized\"><a href=\"https:\/\/docs.google.com\/forms\/d\/e\/1FAIpQLSeu8feB3WbBWsQzdBDwJahkw8n5zIagQLa3jrrXEufejFmxcg\/viewform\" target=\"_blank\" rel=\"noreferrer noopener\"><img decoding=\"async\" loading=\"lazy\" src=\"https:\/\/ies5tello-juj.infd.edu.ar\/sitio\/wp-content\/uploads\/2024\/08\/clic-datos.jpg\" alt=\"\" class=\"wp-image-9656\" width=\"354\" height=\"156\" srcset=\"https:\/\/ies5tello-juj.infd.edu.ar\/sitio\/wp-content\/uploads\/2024\/08\/clic-datos.jpg 1331w, https:\/\/ies5tello-juj.infd.edu.ar\/sitio\/wp-content\/uploads\/2024\/08\/clic-datos-1000x442.jpg 1000w, https:\/\/ies5tello-juj.infd.edu.ar\/sitio\/wp-content\/uploads\/2024\/08\/clic-datos-768x339.jpg 768w\" sizes=\"(max-width: 354px) 100vw, 354px\" \/><\/a><\/figure><\/div>\n\n<div class=\"wp-block-image\">\n<figure class=\"aligncenter size-full\"><img decoding=\"async\" loading=\"lazy\" width=\"1755\" height=\"1241\" src=\"https:\/\/ies5tello-juj.infd.edu.ar\/sitio\/wp-content\/uploads\/2024\/07\/Cartel_AutogestionActualizaDatos_Jul2024.jpg\" alt=\"\" class=\"wp-image-9553\" srcset=\"https:\/\/ies5tello-juj.infd.edu.ar\/sitio\/wp-content\/uploads\/2024\/07\/Cartel_AutogestionActualizaDatos_Jul2024.jpg 1755w, https:\/\/ies5tello-juj.infd.edu.ar\/sitio\/wp-content\/uploads\/2024\/07\/Cartel_AutogestionActualizaDatos_Jul2024-1000x707.jpg 1000w, https:\/\/ies5tello-juj.infd.edu.ar\/sitio\/wp-content\/uploads\/2024\/07\/Cartel_AutogestionActualizaDatos_Jul2024-768x543.jpg 768w, https:\/\/ies5tello-juj.infd.edu.ar\/sitio\/wp-content\/uploads\/2024\/07\/Cartel_AutogestionActualizaDatos_Jul2024-1536x1086.jpg 1536w\" sizes=\"(max-width: 1755px) 100vw, 1755px\" \/><\/figure><\/div>\n\n\n<h4 class=\"wp-block-heading\">Link para acceder al sistema AUTOGESTION<\/h4>\n\n\n<div class=\"wp-block-image\">\n<figure class=\"aligncenter size-full is-resized\"><a href=\"https:\/\/ies5jujuy.edu.ar\/autogestion\/\" target=\"_blank\" rel=\"noreferrer noopener\"><img decoding=\"async\" loading=\"lazy\" src=\"https:\/\/ies5tello-juj.infd.edu.ar\/sitio\/wp-content\/uploads\/2024\/04\/SIU-GUARANI.png\" alt=\"\" class=\"wp-image-9250\" width=\"317\" height=\"115\" srcset=\"https:\/\/ies5tello-juj.infd.edu.ar\/sitio\/wp-content\/uploads\/2024\/04\/SIU-GUARANI.png 1495w, https:\/\/ies5tello-juj.infd.edu.ar\/sitio\/wp-content\/uploads\/2024\/04\/SIU-GUARANI-1000x365.png 1000w, https:\/\/ies5tello-juj.infd.edu.ar\/sitio\/wp-content\/uploads\/2024\/04\/SIU-GUARANI-768x280.png 768w\" sizes=\"(max-width: 317px) 100vw, 317px\" \/><\/a><\/figure><\/div>\n\n\n<h4 class=\"wp-block-heading\">Link obligatorio para TODOS LOS ALUMNOS DE LA INSTITUCI\u00d3N<\/h4>\n\n\n<div class=\"wp-block-image\">\n<figure class=\"aligncenter size-full is-resized\"><a href=\"https:\/\/docs.google.com\/forms\/d\/e\/1FAIpQLSeu8feB3WbBWsQzdBDwJahkw8n5zIagQLa3jrrXEufejFmxcg\/viewform\" target=\"_blank\" rel=\"noreferrer noopener\"><img decoding=\"async\" loading=\"lazy\" src=\"https:\/\/ies5tello-juj.infd.edu.ar\/sitio\/wp-content\/uploads\/2024\/07\/Clic-Obligatorio.png\" alt=\"\" class=\"wp-image-9562\" width=\"395\" height=\"183\"\/><\/a><\/figure><\/div>\n\n\n<h4 class=\"wp-block-heading\">Pasos para recuperar contrase\u00f1a:<\/h4>\n\n\n\n<h4 class=\"wp-block-heading\">Al ingresar al LINK de AUTOGESTI\u00d3N debes dirigirte como muestra en la imagen, a<\/h4>\n\n\n\n<h4 class=\"wp-block-heading\"> \u00ab\u00bfOlvidaste tu contrase\u00f1a o sos un usuario nuevo?\u00bb<\/h4>\n\n\n<div class=\"wp-block-image\">\n<figure class=\"aligncenter size-full is-resized\"><img decoding=\"async\" loading=\"lazy\" src=\"https:\/\/ies5tello-juj.infd.edu.ar\/sitio\/wp-content\/uploads\/2024\/07\/Paso-1.jpeg\" alt=\"\" class=\"wp-image-9565\" width=\"455\" height=\"956\" srcset=\"https:\/\/ies5tello-juj.infd.edu.ar\/sitio\/wp-content\/uploads\/2024\/07\/Paso-1.jpeg 720w, https:\/\/ies5tello-juj.infd.edu.ar\/sitio\/wp-content\/uploads\/2024\/07\/Paso-1-476x1000.jpeg 476w\" sizes=\"(max-width: 455px) 100vw, 455px\" \/><\/figure><\/div>\n\n\n<h4 class=\"wp-block-heading\"> Luego ingresas tu n\u00famero de documento sin puntos, solo n\u00fameros, y haces clic en el cuadrito \u00abNo soy un robot\u00bb y luego en \u00abContinuar\u00bb<\/h4>\n\n\n<div class=\"wp-block-image\">\n<figure class=\"aligncenter size-full is-resized\"><img decoding=\"async\" loading=\"lazy\" src=\"https:\/\/ies5tello-juj.infd.edu.ar\/sitio\/wp-content\/uploads\/2024\/07\/Paso-2.jpeg\" alt=\"\" class=\"wp-image-9566\" width=\"453\" height=\"952\" srcset=\"https:\/\/ies5tello-juj.infd.edu.ar\/sitio\/wp-content\/uploads\/2024\/07\/Paso-2.jpeg 720w, https:\/\/ies5tello-juj.infd.edu.ar\/sitio\/wp-content\/uploads\/2024\/07\/Paso-2-476x1000.jpeg 476w\" sizes=\"(max-width: 453px) 100vw, 453px\" \/><\/figure><\/div>\n\n\n<h4 class=\"wp-block-heading\"> Luego te llegar\u00e1 un correo como el que ves en la siguiente imagen, donde debes hacer clic a continuaci\u00f3n de donde dice \u00abPor favor segu\u00ed este link\u00bb, te llevar\u00e1 a una pantalla donde debes ingresar dos veces tu contrase\u00f1a, lo cual puede contener: letras may\u00fasculas, min\u00fasculas, n\u00fameros y hasta s\u00edmbolos, con no menos de 8 caracteres<\/h4>\n\n\n<div class=\"wp-block-image\">\n<figure class=\"aligncenter size-full is-resized\"><img decoding=\"async\" loading=\"lazy\" src=\"https:\/\/ies5tello-juj.infd.edu.ar\/sitio\/wp-content\/uploads\/2024\/07\/Paso-3-1.jpeg\" alt=\"\" class=\"wp-image-9568\" width=\"463\" height=\"973\" srcset=\"https:\/\/ies5tello-juj.infd.edu.ar\/sitio\/wp-content\/uploads\/2024\/07\/Paso-3-1.jpeg 720w, https:\/\/ies5tello-juj.infd.edu.ar\/sitio\/wp-content\/uploads\/2024\/07\/Paso-3-1-476x1000.jpeg 476w\" sizes=\"(max-width: 463px) 100vw, 463px\" \/><\/figure><\/div>\n\n\n<h4 class=\"wp-block-heading\"> Finalmente volver\u00e1s a la pantalla de AUTOGESTI\u00d3N para que ingreses con tu usuario, que ser\u00e1 tu n\u00famero de documento, sin puntos, y la contrase\u00f1a, que es la que creaste en el punto anterior.<\/h4>\n","protected":false},"excerpt":{"rendered":"<p>Link para acceder al sistema AUTOGESTION Link obligatorio para TODOS LOS ALUMNOS DE LA INSTITUCI\u00d3N Pasos para recuperar contrase\u00f1a: Al ingresar al LINK de AUTOGESTI\u00d3N debes dirigirte como muestra en la imagen, a \u00ab\u00bfOlvidaste tu contrase\u00f1a o sos un usuario nuevo?\u00bb Luego ingresas tu n\u00famero de documento sin puntos, solo n\u00fameros, y haces clic en &#8230; <a title=\"Actualizaci\u00f3n de datos &#8211; SIU GUARANI\" class=\"read-more\" href=\"https:\/\/ies5tello-juj.infd.edu.ar\/sitio\/actualizacion-de-datos-siu-guarani\/\" aria-label=\"More on Actualizaci\u00f3n de datos &#8211; SIU GUARANI\">[+]<\/a><\/p>\n","protected":false},"author":113,"featured_media":0,"parent":0,"menu_order":0,"comment_status":"closed","ping_status":"closed","template":"","meta":[],"acf":[],"_links":{"self":[{"href":"https:\/\/ies5tello-juj.infd.edu.ar\/sitio\/wp-json\/wp\/v2\/pages\/9552"}],"collection":[{"href":"https:\/\/ies5tello-juj.infd.edu.ar\/sitio\/wp-json\/wp\/v2\/pages"}],"about":[{"href":"https:\/\/ies5tello-juj.infd.edu.ar\/sitio\/wp-json\/wp\/v2\/types\/page"}],"author":[{"embeddable":true,"href":"https:\/\/ies5tello-juj.infd.edu.ar\/sitio\/wp-json\/wp\/v2\/users\/113"}],"replies":[{"embeddable":true,"href":"https:\/\/ies5tello-juj.infd.edu.ar\/sitio\/wp-json\/wp\/v2\/comments?post=9552"}],"version-history":[{"count":9,"href":"https:\/\/ies5tello-juj.infd.edu.ar\/sitio\/wp-json\/wp\/v2\/pages\/9552\/revisions"}],"predecessor-version":[{"id":9659,"href":"https:\/\/ies5tello-juj.infd.edu.ar\/sitio\/wp-json\/wp\/v2\/pages\/9552\/revisions\/9659"}],"wp:attachment":[{"href":"https:\/\/ies5tello-juj.infd.edu.ar\/sitio\/wp-json\/wp\/v2\/media?parent=9552"}],"curies":[{"name":"wp","href":"https:\/\/api.w.org\/{rel}","templated":true}]}}